{"id":97,"date":"2024-11-22T08:47:51","date_gmt":"2024-11-22T08:47:51","guid":{"rendered":"https:\/\/gzcerknica.si\/?page_id=97"},"modified":"2024-11-30T09:10:21","modified_gmt":"2024-11-30T09:10:21","slug":"pgd-zerovnica","status":"publish","type":"page","link":"https:\/\/gzcerknica.si\/?page_id=97","title":{"rendered":"PGD \u017derovnica"},"content":{"rendered":"\n<div class=\"wp-block-group is-vertical is-layout-flex wp-container-core-group-is-layout-8cf370e7 wp-block-group-is-layout-flex\">\n<div class=\"wp-block-group is-vertical is-layout-flex wp-container-core-group-is-layout-8cf370e7 wp-block-group-is-layout-flex\">\n<p><strong>PGD \u017derovnica<\/strong><\/p>\n\n\n\n<p>Dru\u0161tvo I. kategorije, ustanovljeno leta 1909. Dru\u0161tvo pokriva naslednja naselja: \u017derovnica, Lipsenj, Sveti \u0160tefan, Pod\u0161teberk in Gori\u010dice.<\/p>\n<\/div>\n<\/div>\n\n\n\n<p><\/p>\n\n\n<div class=\"wp-block-image\">\n<figure class=\"aligncenter size-full is-resized\"><a href=\"https:\/\/gzcerknica.si\/wp-content\/uploads\/2024\/11\/dom-4-rotated.jpg\"><img loading=\"lazy\" decoding=\"async\" width=\"724\" height=\"961\" src=\"https:\/\/gzcerknica.si\/wp-content\/uploads\/2024\/11\/dom-4-rotated.jpg\" alt=\"\" class=\"wp-image-381\" style=\"width:306px;height:auto\" srcset=\"https:\/\/gzcerknica.si\/wp-content\/uploads\/2024\/11\/dom-4-rotated.jpg 724w, https:\/\/gzcerknica.si\/wp-content\/uploads\/2024\/11\/dom-4-226x300.jpg 226w\" sizes=\"auto, (max-width: 724px) 100vw, 724px\" \/><\/a><figcaption class=\"wp-element-caption\"><em>gasilki dom \u017derovnica<\/em><\/figcaption><\/figure>\n<\/div>\n\n\n<p><\/p>\n\n\n\n<div class=\"wp-block-group is-vertical is-layout-flex wp-container-core-group-is-layout-8cf370e7 wp-block-group-is-layout-flex\">\n<div class=\"wp-block-group is-vertical is-layout-flex wp-container-core-group-is-layout-8cf370e7 wp-block-group-is-layout-flex\">\n<p><strong>Prostovoljno gasilsko dru\u0161tvo \u017derovnica<\/strong><\/p>\n\n\n\n<p>\u017derovnica 2a<\/p>\n\n\n\n<p>1384 Grahovo<\/p>\n<\/div>\n<\/div>\n\n\n\n<p><\/p>\n\n\n\n<p><\/p>\n\n\n\n<div class=\"wp-block-group is-vertical is-layout-flex wp-container-core-group-is-layout-8cf370e7 wp-block-group-is-layout-flex\">\n<p>Spletna stran: <a href=\"https:\/\/www.facebook.com\/profile.php?id=100084741436655\">facebook<\/a><\/p>\n\n\n\n<p>e-po\u0161ta: <a href=\"mailto:pgdzerovnica@gmail.com\">pgdzerovnica@gmail.com<\/a><\/p>\n\n\n\n<p><\/p>\n<\/div>\n\n\n\n<p><\/p>\n\n\n\n<p><\/p>\n\n\n\n<div class=\"wp-block-group is-vertical is-layout-flex wp-container-core-group-is-layout-8cf370e7 wp-block-group-is-layout-flex\">\n<p>predsednik: <strong>Boris \u017dnidar\u0161i\u010d<\/strong><\/p>\n\n\n\n<p>poveljnik:<strong> Mitja Herblan<\/strong><\/p>\n<\/div>\n\n\n<div class=\"wp-block-image\">\n<figure class=\"aligncenter size-full is-resized\"><a href=\"https:\/\/gzcerknica.si\/wp-content\/uploads\/2024\/11\/GVV-1.jpg\"><img loading=\"lazy\" decoding=\"async\" width=\"795\" height=\"535\" src=\"https:\/\/gzcerknica.si\/wp-content\/uploads\/2024\/11\/GVV-1.jpg\" alt=\"\" class=\"wp-image-380\" style=\"width:447px;height:auto\" srcset=\"https:\/\/gzcerknica.si\/wp-content\/uploads\/2024\/11\/GVV-1.jpg 795w, https:\/\/gzcerknica.si\/wp-content\/uploads\/2024\/11\/GVV-1-300x202.jpg 300w, https:\/\/gzcerknica.si\/wp-content\/uploads\/2024\/11\/GVV-1-768x517.jpg 768w\" sizes=\"auto, (max-width: 795px) 100vw, 795px\" \/><\/a><figcaption class=\"wp-element-caption\">GVV-1<\/figcaption><\/figure>\n<\/div>\n\n\n<p><\/p>\n","protected":false},"excerpt":{"rendered":"<p>PGD \u017derovnica Dru\u0161tvo I. kategorije, ustanovljeno leta 1909. Dru\u0161tvo pokriva naslednja naselja: \u017derovnica, Lipsenj, Sveti \u0160tefan, Pod\u0161teberk in Gori\u010dice. Prostovoljno gasilsko dru\u0161tvo \u017derovnica \u017derovnica 2a 1384 Grahovo Spletna stran: facebook e-po\u0161ta: pgdzerovnica@gmail.com predsednik: Boris \u017dnidar\u0161i\u010d poveljnik: Mitja Herblan<\/p>\n","protected":false},"author":3,"featured_media":0,"parent":52,"menu_order":0,"comment_status":"closed","ping_status":"closed","template":"","meta":{"footnotes":""},"class_list":["post-97","page","type-page","status-publish","hentry"],"_links":{"self":[{"href":"https:\/\/gzcerknica.si\/index.php?rest_route=\/wp\/v2\/pages\/97","targetHints":{"allow":["GET"]}}],"collection":[{"href":"https:\/\/gzcerknica.si\/index.php?rest_route=\/wp\/v2\/pages"}],"about":[{"href":"https:\/\/gzcerknica.si\/index.php?rest_route=\/wp\/v2\/types\/page"}],"author":[{"embeddable":true,"href":"https:\/\/gzcerknica.si\/index.php?rest_route=\/wp\/v2\/users\/3"}],"replies":[{"embeddable":true,"href":"https:\/\/gzcerknica.si\/index.php?rest_route=%2Fwp%2Fv2%2Fcomments&post=97"}],"version-history":[{"count":2,"href":"https:\/\/gzcerknica.si\/index.php?rest_route=\/wp\/v2\/pages\/97\/revisions"}],"predecessor-version":[{"id":386,"href":"https:\/\/gzcerknica.si\/index.php?rest_route=\/wp\/v2\/pages\/97\/revisions\/386"}],"up":[{"embeddable":true,"href":"https:\/\/gzcerknica.si\/index.php?rest_route=\/wp\/v2\/pages\/52"}],"wp:attachment":[{"href":"https:\/\/gzcerknica.si\/index.php?rest_route=%2Fwp%2Fv2%2Fmedia&parent=97"}],"curies":[{"name":"wp","href":"https:\/\/api.w.org\/{rel}","templated":true}]}}