{"id":95,"date":"2024-11-22T08:46:56","date_gmt":"2024-11-22T08:46:56","guid":{"rendered":"https:\/\/gzcerknica.si\/?page_id=95"},"modified":"2024-12-07T10:16:39","modified_gmt":"2024-12-07T10:16:39","slug":"pgd-velike-bloke","status":"publish","type":"page","link":"https:\/\/gzcerknica.si\/?page_id=95","title":{"rendered":"PGD Velike Bloke"},"content":{"rendered":"\n<p><\/p>\n\n\n\n<div class=\"wp-block-group is-vertical is-layout-flex wp-container-core-group-is-layout-8cf370e7 wp-block-group-is-layout-flex\">\n<p><strong>PGD Velike Bloke     <\/strong>                                                                                                                                 <\/p>\n\n\n\n<p>Dru\u0161tvo II. kategorije, ustanovljeno leta 1930. Dru\u0161tvo v sektorju Bloke, ki pokriva naslednja naselja: Velike Bloke, Studeno, Radlek, Ulaka, Sleme, Ro\u017ean\u010de, Hribarjevo, Sveta Trojica, Jer\u0161anovo, Lovranovo, Malni, Pajkovo, Bo\u010dkovo, Hiteno in Ograde<\/p>\n<\/div>\n\n\n<div class=\"wp-block-image\">\n<figure class=\"aligncenter size-large is-resized\"><a href=\"https:\/\/gzcerknica.si\/wp-content\/uploads\/2024\/11\/dom-scaled.jpg\"><img loading=\"lazy\" decoding=\"async\" width=\"1024\" height=\"768\" src=\"https:\/\/gzcerknica.si\/wp-content\/uploads\/2024\/11\/dom-1024x768.jpg\" alt=\"\" class=\"wp-image-291\" style=\"width:689px;height:auto\" srcset=\"https:\/\/gzcerknica.si\/wp-content\/uploads\/2024\/11\/dom-1024x768.jpg 1024w, https:\/\/gzcerknica.si\/wp-content\/uploads\/2024\/11\/dom-300x225.jpg 300w, https:\/\/gzcerknica.si\/wp-content\/uploads\/2024\/11\/dom-768x576.jpg 768w, https:\/\/gzcerknica.si\/wp-content\/uploads\/2024\/11\/dom-1536x1152.jpg 1536w, https:\/\/gzcerknica.si\/wp-content\/uploads\/2024\/11\/dom-2048x1536.jpg 2048w\" sizes=\"auto, (max-width: 1024px) 100vw, 1024px\" \/><\/a><figcaption class=\"wp-element-caption\"><em>gasilski dom Velike Bloke<\/em><\/figcaption><\/figure>\n<\/div>\n\n\n<div class=\"wp-block-group is-vertical is-layout-flex wp-container-core-group-is-layout-8cf370e7 wp-block-group-is-layout-flex\">\n<p><strong>Prostovoljno gasilsko dru\u0161tvo Velike Bloke<\/strong>                                                                                                         <\/p>\n\n\n\n<p>Velike Bloke 22                                                                                                                                                                  <\/p>\n\n\n\n<p>1385 Nova vas<\/p>\n<\/div>\n\n\n\n<div class=\"wp-block-group is-vertical is-layout-flex wp-container-core-group-is-layout-8cf370e7 wp-block-group-is-layout-flex\"><\/div>\n\n\n\n<p><\/p>\n\n\n\n<div class=\"wp-block-group is-vertical is-layout-flex wp-container-core-group-is-layout-8cf370e7 wp-block-group-is-layout-flex\">\n<p>spletna stran:&nbsp;<a href=\"http:\/\/www.pgd-bloke.si\/\" target=\"_blank\" rel=\"noreferrer noopener\">www.pgd-bloke.si<\/a>                                                                                                                                <\/p>\n\n\n\n<p>e-po\u0161ta:&nbsp;<a href=\"mailto:pgdvelikebloke@gmail.com\" target=\"_blank\" rel=\"noreferrer noopener\">pgdvelikebloke@gmail.com<\/a><\/p>\n<\/div>\n\n\n\n<div class=\"wp-block-group is-vertical is-layout-flex wp-container-core-group-is-layout-8cf370e7 wp-block-group-is-layout-flex\"><\/div>\n\n\n\n<p><\/p>\n\n\n\n<div class=\"wp-block-group is-vertical is-layout-flex wp-container-core-group-is-layout-8cf370e7 wp-block-group-is-layout-flex\">\n<p>predsednik: <strong>Matej Drobni\u010d <\/strong>                                                                                                                             <\/p>\n\n\n\n<p>poveljnik: <strong>Simon Marolt<\/strong><\/p>\n<\/div>\n\n\n\n<figure class=\"wp-block-gallery has-nested-images columns-default is-cropped wp-block-gallery-1 is-layout-flex wp-block-gallery-is-layout-flex\">\n<figure class=\"wp-block-image size-large\"><a href=\"https:\/\/gzcerknica.si\/wp-content\/uploads\/2024\/11\/GVM-1-scaled.jpg\"><img loading=\"lazy\" decoding=\"async\" width=\"1024\" height=\"768\" data-id=\"293\" src=\"https:\/\/gzcerknica.si\/wp-content\/uploads\/2024\/11\/GVM-1-1024x768.jpg\" alt=\"\" class=\"wp-image-293\" srcset=\"https:\/\/gzcerknica.si\/wp-content\/uploads\/2024\/11\/GVM-1-1024x768.jpg 1024w, https:\/\/gzcerknica.si\/wp-content\/uploads\/2024\/11\/GVM-1-300x225.jpg 300w, https:\/\/gzcerknica.si\/wp-content\/uploads\/2024\/11\/GVM-1-768x576.jpg 768w, https:\/\/gzcerknica.si\/wp-content\/uploads\/2024\/11\/GVM-1-1536x1152.jpg 1536w, https:\/\/gzcerknica.si\/wp-content\/uploads\/2024\/11\/GVM-1-2048x1536.jpg 2048w\" sizes=\"auto, (max-width: 1024px) 100vw, 1024px\" \/><\/a><figcaption class=\"wp-element-caption\">GVM-1<\/figcaption><\/figure>\n\n\n\n<figure class=\"wp-block-image size-large\"><a href=\"https:\/\/gzcerknica.si\/wp-content\/uploads\/2024\/11\/GVC-scaled.jpg\"><img loading=\"lazy\" decoding=\"async\" width=\"1024\" height=\"768\" data-id=\"292\" src=\"https:\/\/gzcerknica.si\/wp-content\/uploads\/2024\/11\/GVC-1024x768.jpg\" alt=\"\" class=\"wp-image-292\" srcset=\"https:\/\/gzcerknica.si\/wp-content\/uploads\/2024\/11\/GVC-1024x768.jpg 1024w, https:\/\/gzcerknica.si\/wp-content\/uploads\/2024\/11\/GVC-300x225.jpg 300w, https:\/\/gzcerknica.si\/wp-content\/uploads\/2024\/11\/GVC-768x576.jpg 768w, https:\/\/gzcerknica.si\/wp-content\/uploads\/2024\/11\/GVC-1536x1152.jpg 1536w, https:\/\/gzcerknica.si\/wp-content\/uploads\/2024\/11\/GVC-2048x1536.jpg 2048w\" sizes=\"auto, (max-width: 1024px) 100vw, 1024px\" \/><\/a><figcaption class=\"wp-element-caption\">GVC 24\/50<\/figcaption><\/figure>\n<\/figure>\n\n\n\n<p><\/p>\n","protected":false},"excerpt":{"rendered":"<p>PGD Velike Bloke Dru\u0161tvo II. kategorije, ustanovljeno leta 1930. Dru\u0161tvo v sektorju Bloke, ki pokriva naslednja naselja: Velike Bloke, Studeno, Radlek, Ulaka, Sleme, Ro\u017ean\u010de, Hribarjevo, Sveta Trojica, Jer\u0161anovo, Lovranovo, Malni, Pajkovo, Bo\u010dkovo, Hiteno in Ograde Prostovoljno gasilsko dru\u0161tvo Velike Bloke Velike Bloke 22 1385 Nova vas spletna stran:&nbsp;www.pgd-bloke.si e-po\u0161ta:&nbsp;pgdvelikebloke@gmail.com predsednik: Matej Drobni\u010d poveljnik: Simon Marolt<\/p>\n","protected":false},"author":3,"featured_media":0,"parent":52,"menu_order":0,"comment_status":"closed","ping_status":"closed","template":"","meta":{"footnotes":""},"class_list":["post-95","page","type-page","status-publish","hentry"],"_links":{"self":[{"href":"https:\/\/gzcerknica.si\/index.php?rest_route=\/wp\/v2\/pages\/95","targetHints":{"allow":["GET"]}}],"collection":[{"href":"https:\/\/gzcerknica.si\/index.php?rest_route=\/wp\/v2\/pages"}],"about":[{"href":"https:\/\/gzcerknica.si\/index.php?rest_route=\/wp\/v2\/types\/page"}],"author":[{"embeddable":true,"href":"https:\/\/gzcerknica.si\/index.php?rest_route=\/wp\/v2\/users\/3"}],"replies":[{"embeddable":true,"href":"https:\/\/gzcerknica.si\/index.php?rest_route=%2Fwp%2Fv2%2Fcomments&post=95"}],"version-history":[{"count":5,"href":"https:\/\/gzcerknica.si\/index.php?rest_route=\/wp\/v2\/pages\/95\/revisions"}],"predecessor-version":[{"id":467,"href":"https:\/\/gzcerknica.si\/index.php?rest_route=\/wp\/v2\/pages\/95\/revisions\/467"}],"up":[{"embeddable":true,"href":"https:\/\/gzcerknica.si\/index.php?rest_route=\/wp\/v2\/pages\/52"}],"wp:attachment":[{"href":"https:\/\/gzcerknica.si\/index.php?rest_route=%2Fwp%2Fv2%2Fmedia&parent=95"}],"curies":[{"name":"wp","href":"https:\/\/api.w.org\/{rel}","templated":true}]}}