{"id":89,"date":"2024-11-22T08:45:19","date_gmt":"2024-11-22T08:45:19","guid":{"rendered":"https:\/\/gzcerknica.si\/?page_id=89"},"modified":"2024-11-27T19:04:30","modified_gmt":"2024-11-27T19:04:30","slug":"pgd-rakek","status":"publish","type":"page","link":"https:\/\/gzcerknica.si\/?page_id=89","title":{"rendered":"PGD Rakek"},"content":{"rendered":"\n<div class=\"wp-block-group is-vertical is-layout-flex wp-container-core-group-is-layout-8cf370e7 wp-block-group-is-layout-flex\">\n<p><strong>PGD RAKEK<\/strong><\/p>\n\n\n\n<p>Dru\u0161tvo II. kategorije, ustanovljeno leta 1887. Osredne dru\u0161tvo v sektorju Rakek, ki pokriva naslednja naselja v ob\u010dini Cerknica: Rakek, Unec in Ivanje selo.<\/p>\n<\/div>\n\n\n\n<p><\/p>\n\n\n<div class=\"wp-block-image\">\n<figure class=\"aligncenter size-large is-resized\"><a href=\"https:\/\/gzcerknica.si\/wp-content\/uploads\/2024\/11\/pgd_rakek_profilna2.jpg\"><img loading=\"lazy\" decoding=\"async\" width=\"1024\" height=\"768\" src=\"https:\/\/gzcerknica.si\/wp-content\/uploads\/2024\/11\/pgd_rakek_profilna2-1024x768.jpg\" alt=\"\" class=\"wp-image-311\" style=\"width:616px;height:auto\" srcset=\"https:\/\/gzcerknica.si\/wp-content\/uploads\/2024\/11\/pgd_rakek_profilna2-1024x768.jpg 1024w, https:\/\/gzcerknica.si\/wp-content\/uploads\/2024\/11\/pgd_rakek_profilna2-300x225.jpg 300w, https:\/\/gzcerknica.si\/wp-content\/uploads\/2024\/11\/pgd_rakek_profilna2-768x576.jpg 768w, https:\/\/gzcerknica.si\/wp-content\/uploads\/2024\/11\/pgd_rakek_profilna2-1536x1152.jpg 1536w, https:\/\/gzcerknica.si\/wp-content\/uploads\/2024\/11\/pgd_rakek_profilna2.jpg 1600w\" sizes=\"auto, (max-width: 1024px) 100vw, 1024px\" \/><\/a><figcaption class=\"wp-element-caption\"><em>gasilski dom Rakek<\/em><\/figcaption><\/figure>\n<\/div>\n\n\n<div class=\"wp-block-group is-vertical is-layout-flex wp-container-core-group-is-layout-8cf370e7 wp-block-group-is-layout-flex\">\n<p><strong><strong>Prostovoljno gasilsko dru\u0161tvo<\/strong> Rakek<\/strong><br>Pot v Dele 2B<br>1381 Rakek<\/p>\n\n\n\n<p><\/p>\n\n\n\n<div class=\"wp-block-group is-vertical is-layout-flex wp-container-core-group-is-layout-8cf370e7 wp-block-group-is-layout-flex\">\n<div class=\"wp-block-group is-vertical is-layout-flex wp-container-core-group-is-layout-8cf370e7 wp-block-group-is-layout-flex\">\n<p><\/p>\n\n\n\n<p>spletna stran: <a href=\"https:\/\/www.pgd-rakek.si\/\" target=\"_blank\" rel=\"noreferrer noopener\">pgdrakek.si<\/a>, <a href=\"https:\/\/www.facebook.com\/groups\/107840035900613\" target=\"_blank\" rel=\"noreferrer noopener\">facebook<\/a>, <a href=\"https:\/\/www.instagram.com\/pgd_rakek\/\" target=\"_blank\" rel=\"noreferrer noopener\">instagram<\/a><\/p>\n\n\n\n<p>e-po\u0161ta:&nbsp;<a href=\"mailto:info@pgd-rakek.si\" target=\"_blank\" rel=\"noreferrer noopener\">info@pgd-rakek.si<\/a><\/p>\n<\/div>\n<\/div>\n\n\n\n<p><\/p>\n\n\n\n<p><\/p>\n\n\n\n<p>predsednik: <strong>Klemen Drole<\/strong><br>poveljnik: <strong>Du\u0161an Zw\u04e7lf<\/strong><\/p>\n<\/div>\n\n\n\n<p><\/p>\n\n\n\n<figure class=\"wp-block-gallery has-nested-images columns-default is-cropped wp-block-gallery-1 is-layout-flex wp-block-gallery-is-layout-flex\">\n<figure class=\"wp-block-image size-large\"><a href=\"https:\/\/gzcerknica.si\/wp-content\/uploads\/2024\/11\/pgd_rakek_gvc.jpg\"><img loading=\"lazy\" decoding=\"async\" width=\"768\" height=\"1024\" data-id=\"312\" src=\"https:\/\/gzcerknica.si\/wp-content\/uploads\/2024\/11\/pgd_rakek_gvc-768x1024.jpg\" alt=\"\" class=\"wp-image-312\" srcset=\"https:\/\/gzcerknica.si\/wp-content\/uploads\/2024\/11\/pgd_rakek_gvc-768x1024.jpg 768w, https:\/\/gzcerknica.si\/wp-content\/uploads\/2024\/11\/pgd_rakek_gvc-225x300.jpg 225w, https:\/\/gzcerknica.si\/wp-content\/uploads\/2024\/11\/pgd_rakek_gvc-1152x1536.jpg 1152w, https:\/\/gzcerknica.si\/wp-content\/uploads\/2024\/11\/pgd_rakek_gvc.jpg 1536w\" sizes=\"auto, (max-width: 768px) 100vw, 768px\" \/><\/a><figcaption class=\"wp-element-caption\">GVC<\/figcaption><\/figure>\n\n\n\n<figure class=\"wp-block-image size-large\"><a href=\"https:\/\/gzcerknica.si\/wp-content\/uploads\/2024\/11\/pgd_rakek_gvm.jpg\"><img loading=\"lazy\" decoding=\"async\" width=\"768\" height=\"1024\" data-id=\"314\" src=\"https:\/\/gzcerknica.si\/wp-content\/uploads\/2024\/11\/pgd_rakek_gvm-768x1024.jpg\" alt=\"\" class=\"wp-image-314\" srcset=\"https:\/\/gzcerknica.si\/wp-content\/uploads\/2024\/11\/pgd_rakek_gvm-768x1024.jpg 768w, https:\/\/gzcerknica.si\/wp-content\/uploads\/2024\/11\/pgd_rakek_gvm-225x300.jpg 225w, https:\/\/gzcerknica.si\/wp-content\/uploads\/2024\/11\/pgd_rakek_gvm-1152x1536.jpg 1152w, https:\/\/gzcerknica.si\/wp-content\/uploads\/2024\/11\/pgd_rakek_gvm.jpg 1536w\" sizes=\"auto, (max-width: 768px) 100vw, 768px\" \/><\/a><figcaption class=\"wp-element-caption\">GVM-1<\/figcaption><\/figure>\n\n\n\n<figure class=\"wp-block-image size-large\"><a href=\"https:\/\/gzcerknica.si\/wp-content\/uploads\/2024\/11\/pgd_rakek_gvgp1.jpg\"><img loading=\"lazy\" decoding=\"async\" width=\"768\" height=\"1024\" data-id=\"313\" src=\"https:\/\/gzcerknica.si\/wp-content\/uploads\/2024\/11\/pgd_rakek_gvgp1-768x1024.jpg\" alt=\"\" class=\"wp-image-313\" srcset=\"https:\/\/gzcerknica.si\/wp-content\/uploads\/2024\/11\/pgd_rakek_gvgp1-768x1024.jpg 768w, https:\/\/gzcerknica.si\/wp-content\/uploads\/2024\/11\/pgd_rakek_gvgp1-225x300.jpg 225w, https:\/\/gzcerknica.si\/wp-content\/uploads\/2024\/11\/pgd_rakek_gvgp1-1152x1536.jpg 1152w, https:\/\/gzcerknica.si\/wp-content\/uploads\/2024\/11\/pgd_rakek_gvgp1.jpg 1536w\" sizes=\"auto, (max-width: 768px) 100vw, 768px\" \/><\/a><figcaption class=\"wp-element-caption\">GVGP-1<\/figcaption><\/figure>\n<\/figure>\n\n\n\n<p><\/p>\n","protected":false},"excerpt":{"rendered":"<p>PGD RAKEK Dru\u0161tvo II. kategorije, ustanovljeno leta 1887. Osredne dru\u0161tvo v sektorju Rakek, ki pokriva naslednja naselja v ob\u010dini Cerknica: Rakek, Unec in Ivanje selo. Prostovoljno gasilsko dru\u0161tvo RakekPot v Dele 2B1381 Rakek spletna stran: pgdrakek.si, facebook, instagram e-po\u0161ta:&nbsp;info@pgd-rakek.si predsednik: Klemen Drolepoveljnik: Du\u0161an Zw\u04e7lf<\/p>\n","protected":false},"author":3,"featured_media":0,"parent":52,"menu_order":0,"comment_status":"closed","ping_status":"closed","template":"","meta":{"footnotes":""},"class_list":["post-89","page","type-page","status-publish","hentry"],"_links":{"self":[{"href":"https:\/\/gzcerknica.si\/index.php?rest_route=\/wp\/v2\/pages\/89","targetHints":{"allow":["GET"]}}],"collection":[{"href":"https:\/\/gzcerknica.si\/index.php?rest_route=\/wp\/v2\/pages"}],"about":[{"href":"https:\/\/gzcerknica.si\/index.php?rest_route=\/wp\/v2\/types\/page"}],"author":[{"embeddable":true,"href":"https:\/\/gzcerknica.si\/index.php?rest_route=\/wp\/v2\/users\/3"}],"replies":[{"embeddable":true,"href":"https:\/\/gzcerknica.si\/index.php?rest_route=%2Fwp%2Fv2%2Fcomments&post=89"}],"version-history":[{"count":4,"href":"https:\/\/gzcerknica.si\/index.php?rest_route=\/wp\/v2\/pages\/89\/revisions"}],"predecessor-version":[{"id":328,"href":"https:\/\/gzcerknica.si\/index.php?rest_route=\/wp\/v2\/pages\/89\/revisions\/328"}],"up":[{"embeddable":true,"href":"https:\/\/gzcerknica.si\/index.php?rest_route=\/wp\/v2\/pages\/52"}],"wp:attachment":[{"href":"https:\/\/gzcerknica.si\/index.php?rest_route=%2Fwp%2Fv2%2Fmedia&parent=89"}],"curies":[{"name":"wp","href":"https:\/\/api.w.org\/{rel}","templated":true}]}}