{"id":87,"date":"2024-11-22T08:45:07","date_gmt":"2024-11-22T08:45:07","guid":{"rendered":"https:\/\/gzcerknica.si\/?page_id=87"},"modified":"2024-12-07T10:15:28","modified_gmt":"2024-12-07T10:15:28","slug":"pgd-otave","status":"publish","type":"page","link":"https:\/\/gzcerknica.si\/?page_id=87","title":{"rendered":"PGD Otave"},"content":{"rendered":"\n<div class=\"wp-block-group is-vertical is-layout-flex wp-container-core-group-is-layout-8cf370e7 wp-block-group-is-layout-flex\">\n<p><strong>PGD Otave<\/strong><\/p>\n\n\n\n<p>Dru\u0161tvo I. kategorije, ustanovljeno leta 1980. Dru\u0161tvo spada pod sektor Begunje, ki pokriva naslednja naselja: Stra\u017ei\u0161\u010de, Dolenje Otave, Zibovnik, Gorenje Otave, \u017dupeno, Be\u010d, Kr\u017ei\u0161\u010de, Pikovnik.<br><\/p>\n<\/div>\n\n\n<div class=\"wp-block-image\">\n<figure class=\"aligncenter size-large is-resized\"><a href=\"https:\/\/gzcerknica.si\/wp-content\/uploads\/2024\/11\/dom-2-scaled.jpg\"><img loading=\"lazy\" decoding=\"async\" width=\"1024\" height=\"768\" src=\"https:\/\/gzcerknica.si\/wp-content\/uploads\/2024\/11\/dom-2-1024x768.jpg\" alt=\"\" class=\"wp-image-355\" style=\"width:607px;height:auto\" srcset=\"https:\/\/gzcerknica.si\/wp-content\/uploads\/2024\/11\/dom-2-1024x768.jpg 1024w, https:\/\/gzcerknica.si\/wp-content\/uploads\/2024\/11\/dom-2-300x225.jpg 300w, https:\/\/gzcerknica.si\/wp-content\/uploads\/2024\/11\/dom-2-768x576.jpg 768w, https:\/\/gzcerknica.si\/wp-content\/uploads\/2024\/11\/dom-2-1536x1152.jpg 1536w, https:\/\/gzcerknica.si\/wp-content\/uploads\/2024\/11\/dom-2-2048x1536.jpg 2048w\" sizes=\"auto, (max-width: 1024px) 100vw, 1024px\" \/><\/a><figcaption class=\"wp-element-caption\"><em>gasilski dom Otave<\/em><\/figcaption><\/figure>\n<\/div>\n\n\n<div class=\"wp-block-group is-vertical is-layout-flex wp-container-core-group-is-layout-8cf370e7 wp-block-group-is-layout-flex\">\n<div class=\"wp-block-group is-vertical is-layout-flex wp-container-core-group-is-layout-8cf370e7 wp-block-group-is-layout-flex\">\n<p><strong>Prostovoljno gasilsko dru\u0161tvo Otave<\/strong><\/p>\n\n\n\n<p>Gorenje Otave 4<\/p>\n\n\n\n<p>1380 Cerknica<\/p>\n<\/div>\n<\/div>\n\n\n\n<div class=\"wp-block-group is-vertical is-layout-flex wp-container-core-group-is-layout-8cf370e7 wp-block-group-is-layout-flex\"><\/div>\n\n\n\n<p><\/p>\n\n\n\n<div class=\"wp-block-group is-vertical is-layout-flex wp-container-core-group-is-layout-8cf370e7 wp-block-group-is-layout-flex\">\n<p>spletna stran: <a href=\"https:\/\/www.facebook.com\/p\/PGD-Otave-100064771444467\/\" data-type=\"link\" data-id=\"https:\/\/www.facebook.com\/p\/PGD-Otave-100064771444467\/\">facebook<\/a><\/p>\n\n\n\n<p>e-po\u0161ta: <a href=\"mailto:pgdotave@gmail.com\" target=\"_blank\" rel=\"noreferrer noopener\">pgdotave@gmail.com<\/a><\/p>\n<\/div>\n\n\n\n<p><\/p>\n\n\n\n<div class=\"wp-block-group is-vertical is-layout-flex wp-container-core-group-is-layout-8cf370e7 wp-block-group-is-layout-flex\">\n<p><\/p>\n\n\n\n<p>Predsednik: <strong>Toma\u017e Kebe<\/strong><\/p>\n\n\n\n<p>Poveljnik: <strong>Martin Kranjc<\/strong><\/p>\n<\/div>\n\n\n<div class=\"wp-block-image\">\n<figure class=\"aligncenter size-large is-resized\"><a href=\"https:\/\/gzcerknica.si\/wp-content\/uploads\/2024\/11\/vozilo-scaled.jpg\"><img loading=\"lazy\" decoding=\"async\" width=\"1024\" height=\"768\" src=\"https:\/\/gzcerknica.si\/wp-content\/uploads\/2024\/11\/vozilo-1024x768.jpg\" alt=\"\" class=\"wp-image-356\" style=\"width:495px;height:auto\" srcset=\"https:\/\/gzcerknica.si\/wp-content\/uploads\/2024\/11\/vozilo-1024x768.jpg 1024w, https:\/\/gzcerknica.si\/wp-content\/uploads\/2024\/11\/vozilo-300x225.jpg 300w, https:\/\/gzcerknica.si\/wp-content\/uploads\/2024\/11\/vozilo-768x576.jpg 768w, https:\/\/gzcerknica.si\/wp-content\/uploads\/2024\/11\/vozilo-1536x1152.jpg 1536w, https:\/\/gzcerknica.si\/wp-content\/uploads\/2024\/11\/vozilo-2048x1536.jpg 2048w\" sizes=\"auto, (max-width: 1024px) 100vw, 1024px\" \/><\/a><\/figure>\n<\/div>\n\n\n<p><\/p>\n","protected":false},"excerpt":{"rendered":"<p>PGD Otave Dru\u0161tvo I. kategorije, ustanovljeno leta 1980. Dru\u0161tvo spada pod sektor Begunje, ki pokriva naslednja naselja: Stra\u017ei\u0161\u010de, Dolenje Otave, Zibovnik, Gorenje Otave, \u017dupeno, Be\u010d, Kr\u017ei\u0161\u010de, Pikovnik. Prostovoljno gasilsko dru\u0161tvo Otave Gorenje Otave 4 1380 Cerknica spletna stran: facebook e-po\u0161ta: pgdotave@gmail.com Predsednik: Toma\u017e Kebe Poveljnik: Martin Kranjc<\/p>\n","protected":false},"author":3,"featured_media":0,"parent":52,"menu_order":0,"comment_status":"closed","ping_status":"closed","template":"","meta":{"footnotes":""},"class_list":["post-87","page","type-page","status-publish","hentry"],"_links":{"self":[{"href":"https:\/\/gzcerknica.si\/index.php?rest_route=\/wp\/v2\/pages\/87","targetHints":{"allow":["GET"]}}],"collection":[{"href":"https:\/\/gzcerknica.si\/index.php?rest_route=\/wp\/v2\/pages"}],"about":[{"href":"https:\/\/gzcerknica.si\/index.php?rest_route=\/wp\/v2\/types\/page"}],"author":[{"embeddable":true,"href":"https:\/\/gzcerknica.si\/index.php?rest_route=\/wp\/v2\/users\/3"}],"replies":[{"embeddable":true,"href":"https:\/\/gzcerknica.si\/index.php?rest_route=%2Fwp%2Fv2%2Fcomments&post=87"}],"version-history":[{"count":3,"href":"https:\/\/gzcerknica.si\/index.php?rest_route=\/wp\/v2\/pages\/87\/revisions"}],"predecessor-version":[{"id":463,"href":"https:\/\/gzcerknica.si\/index.php?rest_route=\/wp\/v2\/pages\/87\/revisions\/463"}],"up":[{"embeddable":true,"href":"https:\/\/gzcerknica.si\/index.php?rest_route=\/wp\/v2\/pages\/52"}],"wp:attachment":[{"href":"https:\/\/gzcerknica.si\/index.php?rest_route=%2Fwp%2Fv2%2Fmedia&parent=87"}],"curies":[{"name":"wp","href":"https:\/\/api.w.org\/{rel}","templated":true}]}}