{"id":85,"date":"2024-11-22T08:44:52","date_gmt":"2024-11-22T08:44:52","guid":{"rendered":"https:\/\/gzcerknica.si\/?page_id=85"},"modified":"2024-11-27T19:31:38","modified_gmt":"2024-11-27T19:31:38","slug":"pgd-nova-vas-na-blokah","status":"publish","type":"page","link":"https:\/\/gzcerknica.si\/?page_id=85","title":{"rendered":"PGD Nova vas na Blokah"},"content":{"rendered":"\n<p><\/p>\n\n\n\n<div class=\"wp-block-group is-vertical is-layout-flex wp-container-core-group-is-layout-8cf370e7 wp-block-group-is-layout-flex\">\n<p><strong>PGD Nova vas na Blokah<\/strong><\/p>\n\n\n\n<p>Dru\u0161tvo II. kategorije, ustanovljeno leta 1893. Osrednje dru\u0161tvo v sektorju Bloke, ki pokriva naslednja naselja: Nova vas, Fara, Metulje, Topol, Hudi vrh, Ravne, Studenec, Runarsko, Benete, Kotel, Veliki vrh, Nem\u0161ka vas, Vol\u010dje, Kramplje, Godi\u010devo, Zakraj, Strmica, Mramorovo pri Lu\u017earjih, \u0160krab\u010de, Sveti duh, Lahovo, \u0160kuf\u010de, Ravnik, Lepi vrh, Ravnice, Zavrh, Pol\u0161e\u010de, Pajkovo, Mramorovo pri pajkovem, Gradi\u0161ko, Andrej\u010de, Glina, \u0160torovo. <\/p>\n<\/div>\n\n\n\n<p><\/p>\n\n\n<div class=\"wp-block-image\">\n<figure class=\"aligncenter size-large is-resized\"><a href=\"https:\/\/gzcerknica.si\/wp-content\/uploads\/2024\/11\/Gasilski-dom-scaled.jpg\"><img loading=\"lazy\" decoding=\"async\" width=\"1024\" height=\"768\" src=\"https:\/\/gzcerknica.si\/wp-content\/uploads\/2024\/11\/Gasilski-dom-1024x768.jpg\" alt=\"\" class=\"wp-image-335\" style=\"width:639px;height:auto\" srcset=\"https:\/\/gzcerknica.si\/wp-content\/uploads\/2024\/11\/Gasilski-dom-1024x768.jpg 1024w, https:\/\/gzcerknica.si\/wp-content\/uploads\/2024\/11\/Gasilski-dom-300x225.jpg 300w, https:\/\/gzcerknica.si\/wp-content\/uploads\/2024\/11\/Gasilski-dom-768x576.jpg 768w, https:\/\/gzcerknica.si\/wp-content\/uploads\/2024\/11\/Gasilski-dom-1536x1152.jpg 1536w, https:\/\/gzcerknica.si\/wp-content\/uploads\/2024\/11\/Gasilski-dom-2048x1536.jpg 2048w\" sizes=\"auto, (max-width: 1024px) 100vw, 1024px\" \/><\/a><figcaption class=\"wp-element-caption\"><em>gasilski dom Nova vas na Blokah<\/em><\/figcaption><\/figure>\n<\/div>\n\n\n<div class=\"wp-block-group is-vertical is-layout-flex wp-container-core-group-is-layout-8cf370e7 wp-block-group-is-layout-flex\">\n<p><strong>Prostovoljno gasilsko dru\u0161tvo Nova vas na Blokah<\/strong><\/p>\n\n\n\n<p>Nova vas 48 B<\/p>\n\n\n\n<p>1385 Nova vas<\/p>\n<\/div>\n\n\n\n<p><\/p>\n\n\n\n<div class=\"wp-block-group is-vertical is-layout-flex wp-container-core-group-is-layout-8cf370e7 wp-block-group-is-layout-flex\">\n<p><\/p>\n\n\n\n<p>spletna stran: <a href=\"https:\/\/www.facebook.com\/groups\/89949808455\/?ref=share\">facebook<\/a><\/p>\n\n\n\n<p>e-po\u0161ta: <a href=\"mailto:pgd.novavas48@gmail.com\">pgd.novavas48@gmail.com<\/a><\/p>\n<\/div>\n\n\n\n<div class=\"wp-block-group is-vertical is-layout-flex wp-container-core-group-is-layout-8cf370e7 wp-block-group-is-layout-flex\">\n<p><\/p>\n\n\n\n<p><\/p>\n\n\n\n<p>predsednik: <strong>Simon Rigler<\/strong><\/p>\n\n\n\n<p>poveljnik: <strong>Jan Ponikvar<\/strong><\/p>\n<\/div>\n\n\n\n<p><\/p>\n\n\n\n<figure class=\"wp-block-gallery has-nested-images columns-default is-cropped wp-block-gallery-1 is-layout-flex wp-block-gallery-is-layout-flex\">\n<figure class=\"wp-block-image size-large\"><a href=\"https:\/\/gzcerknica.si\/wp-content\/uploads\/2024\/11\/GV-2-letnik-1998-scaled.jpg\"><img loading=\"lazy\" decoding=\"async\" width=\"768\" height=\"1024\" data-id=\"336\" src=\"https:\/\/gzcerknica.si\/wp-content\/uploads\/2024\/11\/GV-2-letnik-1998-768x1024.jpg\" alt=\"\" class=\"wp-image-336\" srcset=\"https:\/\/gzcerknica.si\/wp-content\/uploads\/2024\/11\/GV-2-letnik-1998-768x1024.jpg 768w, https:\/\/gzcerknica.si\/wp-content\/uploads\/2024\/11\/GV-2-letnik-1998-225x300.jpg 225w, https:\/\/gzcerknica.si\/wp-content\/uploads\/2024\/11\/GV-2-letnik-1998-1152x1536.jpg 1152w, https:\/\/gzcerknica.si\/wp-content\/uploads\/2024\/11\/GV-2-letnik-1998-1536x2048.jpg 1536w, https:\/\/gzcerknica.si\/wp-content\/uploads\/2024\/11\/GV-2-letnik-1998-scaled.jpg 1920w\" sizes=\"auto, (max-width: 768px) 100vw, 768px\" \/><\/a><figcaption class=\"wp-element-caption\">GV-2<\/figcaption><\/figure>\n\n\n\n<figure class=\"wp-block-image size-large\"><a href=\"https:\/\/gzcerknica.si\/wp-content\/uploads\/2024\/11\/GVC-16-25-letnik-2008-scaled.jpg\"><img loading=\"lazy\" decoding=\"async\" width=\"768\" height=\"1024\" data-id=\"337\" src=\"https:\/\/gzcerknica.si\/wp-content\/uploads\/2024\/11\/GVC-16-25-letnik-2008-768x1024.jpg\" alt=\"\" class=\"wp-image-337\" srcset=\"https:\/\/gzcerknica.si\/wp-content\/uploads\/2024\/11\/GVC-16-25-letnik-2008-768x1024.jpg 768w, https:\/\/gzcerknica.si\/wp-content\/uploads\/2024\/11\/GVC-16-25-letnik-2008-225x300.jpg 225w, https:\/\/gzcerknica.si\/wp-content\/uploads\/2024\/11\/GVC-16-25-letnik-2008-1152x1536.jpg 1152w, https:\/\/gzcerknica.si\/wp-content\/uploads\/2024\/11\/GVC-16-25-letnik-2008-1536x2048.jpg 1536w, https:\/\/gzcerknica.si\/wp-content\/uploads\/2024\/11\/GVC-16-25-letnik-2008-scaled.jpg 1920w\" sizes=\"auto, (max-width: 768px) 100vw, 768px\" \/><\/a><figcaption class=\"wp-element-caption\">GVC 16\/25<\/figcaption><\/figure>\n\n\n\n<figure class=\"wp-block-image size-large\"><a href=\"https:\/\/gzcerknica.si\/wp-content\/uploads\/2024\/11\/GVGP-1-letnik-2022-scaled.jpg\"><img loading=\"lazy\" decoding=\"async\" width=\"768\" height=\"1024\" data-id=\"338\" src=\"https:\/\/gzcerknica.si\/wp-content\/uploads\/2024\/11\/GVGP-1-letnik-2022-768x1024.jpg\" alt=\"\" class=\"wp-image-338\" srcset=\"https:\/\/gzcerknica.si\/wp-content\/uploads\/2024\/11\/GVGP-1-letnik-2022-768x1024.jpg 768w, https:\/\/gzcerknica.si\/wp-content\/uploads\/2024\/11\/GVGP-1-letnik-2022-225x300.jpg 225w, https:\/\/gzcerknica.si\/wp-content\/uploads\/2024\/11\/GVGP-1-letnik-2022-1152x1536.jpg 1152w, https:\/\/gzcerknica.si\/wp-content\/uploads\/2024\/11\/GVGP-1-letnik-2022-1536x2048.jpg 1536w, https:\/\/gzcerknica.si\/wp-content\/uploads\/2024\/11\/GVGP-1-letnik-2022-scaled.jpg 1920w\" sizes=\"auto, (max-width: 768px) 100vw, 768px\" \/><\/a><figcaption class=\"wp-element-caption\">GVGP-1<\/figcaption><\/figure>\n<\/figure>\n\n\n\n<p><\/p>\n","protected":false},"excerpt":{"rendered":"<p>PGD Nova vas na Blokah Dru\u0161tvo II. kategorije, ustanovljeno leta 1893. Osrednje dru\u0161tvo v sektorju Bloke, ki pokriva naslednja naselja: Nova vas, Fara, Metulje, Topol, Hudi vrh, Ravne, Studenec, Runarsko, Benete, Kotel, Veliki vrh, Nem\u0161ka vas, Vol\u010dje, Kramplje, Godi\u010devo, Zakraj, Strmica, Mramorovo pri Lu\u017earjih, \u0160krab\u010de, Sveti duh, Lahovo, \u0160kuf\u010de, Ravnik, Lepi vrh, Ravnice, Zavrh, Pol\u0161e\u010de, [&hellip;]<\/p>\n","protected":false},"author":3,"featured_media":0,"parent":52,"menu_order":0,"comment_status":"closed","ping_status":"closed","template":"","meta":{"footnotes":""},"class_list":["post-85","page","type-page","status-publish","hentry"],"_links":{"self":[{"href":"https:\/\/gzcerknica.si\/index.php?rest_route=\/wp\/v2\/pages\/85","targetHints":{"allow":["GET"]}}],"collection":[{"href":"https:\/\/gzcerknica.si\/index.php?rest_route=\/wp\/v2\/pages"}],"about":[{"href":"https:\/\/gzcerknica.si\/index.php?rest_route=\/wp\/v2\/types\/page"}],"author":[{"embeddable":true,"href":"https:\/\/gzcerknica.si\/index.php?rest_route=\/wp\/v2\/users\/3"}],"replies":[{"embeddable":true,"href":"https:\/\/gzcerknica.si\/index.php?rest_route=%2Fwp%2Fv2%2Fcomments&post=85"}],"version-history":[{"count":2,"href":"https:\/\/gzcerknica.si\/index.php?rest_route=\/wp\/v2\/pages\/85\/revisions"}],"predecessor-version":[{"id":339,"href":"https:\/\/gzcerknica.si\/index.php?rest_route=\/wp\/v2\/pages\/85\/revisions\/339"}],"up":[{"embeddable":true,"href":"https:\/\/gzcerknica.si\/index.php?rest_route=\/wp\/v2\/pages\/52"}],"wp:attachment":[{"href":"https:\/\/gzcerknica.si\/index.php?rest_route=%2Fwp%2Fv2%2Fmedia&parent=85"}],"curies":[{"name":"wp","href":"https:\/\/api.w.org\/{rel}","templated":true}]}}