{"id":83,"date":"2024-11-22T08:44:36","date_gmt":"2024-11-22T08:44:36","guid":{"rendered":"https:\/\/gzcerknica.si\/?page_id=83"},"modified":"2025-02-01T12:02:30","modified_gmt":"2025-02-01T11:02:30","slug":"pgd-martinjak","status":"publish","type":"page","link":"https:\/\/gzcerknica.si\/?page_id=83","title":{"rendered":"PGD Martinjak"},"content":{"rendered":"\n<div class=\"wp-block-group is-vertical is-layout-flex wp-container-core-group-is-layout-8cf370e7 wp-block-group-is-layout-flex\">\n<p><strong>PGD Martinjak&nbsp;<\/strong><\/p>\n\n\n\n<p>Dru\u0161tvo I. kategorije, ustanovljen leta 1936. Je dru\u0161tvo znotraj sektorja Grahovo in pokriva vas Martinjak z bli\u017enjo okolico in Slivnico.<\/p>\n\n\n\n<figure class=\"wp-block-gallery has-nested-images columns-default is-cropped wp-block-gallery-1 is-layout-flex wp-block-gallery-is-layout-flex\"><div class=\"wp-block-image\">\n<figure class=\"aligncenter size-large\"><a href=\"https:\/\/gzcerknica.si\/wp-content\/uploads\/2025\/02\/20250201_115507-scaled.jpg\"><img loading=\"lazy\" decoding=\"async\" width=\"1024\" height=\"768\" data-id=\"672\" src=\"https:\/\/gzcerknica.si\/wp-content\/uploads\/2025\/02\/20250201_115507-1024x768.jpg\" alt=\"\" class=\"wp-image-672\" srcset=\"https:\/\/gzcerknica.si\/wp-content\/uploads\/2025\/02\/20250201_115507-1024x768.jpg 1024w, https:\/\/gzcerknica.si\/wp-content\/uploads\/2025\/02\/20250201_115507-300x225.jpg 300w, https:\/\/gzcerknica.si\/wp-content\/uploads\/2025\/02\/20250201_115507-768x576.jpg 768w, https:\/\/gzcerknica.si\/wp-content\/uploads\/2025\/02\/20250201_115507-1536x1152.jpg 1536w, https:\/\/gzcerknica.si\/wp-content\/uploads\/2025\/02\/20250201_115507-2048x1536.jpg 2048w\" sizes=\"auto, (max-width: 1024px) 100vw, 1024px\" \/><\/a><figcaption class=\"wp-element-caption\">gasilski dom Martinjak<\/figcaption><\/figure>\n<\/div><\/figure>\n<\/div>\n\n\n\n<div class=\"wp-block-group is-vertical is-layout-flex wp-container-core-group-is-layout-8cf370e7 wp-block-group-is-layout-flex\">\n<p><strong>Prostovoljno gasilsko dru\u0161tvo Martinjak<\/strong><\/p>\n\n\n\n<p>Martinjak 1b<\/p>\n\n\n\n<p>1380 Cerknica<\/p>\n<\/div>\n\n\n\n<p><\/p>\n\n\n\n<p><\/p>\n\n\n\n<div class=\"wp-block-group is-vertical is-layout-flex wp-container-core-group-is-layout-8cf370e7 wp-block-group-is-layout-flex\">\n<p>spletna stran: <a href=\"https:\/\/www.facebook.com\/groups\/342535306668\/?locale=sl_SI\" data-type=\"link\" data-id=\"https:\/\/www.facebook.com\/groups\/342535306668\/?locale=sl_SI\">facebook <\/a><\/p>\n\n\n\n<p>e-po\u0161ta:&nbsp;<a href=\"mailto:pgd.martinjak@gmail.com\" target=\"_blank\" rel=\"noreferrer noopener\">pgd.martinjak@gmail.com<\/a><\/p>\n<\/div>\n\n\n\n<div class=\"wp-block-group is-vertical is-layout-flex wp-container-core-group-is-layout-8cf370e7 wp-block-group-is-layout-flex\"><\/div>\n\n\n\n<p><\/p>\n\n\n\n<div class=\"wp-block-group is-vertical is-layout-flex wp-container-core-group-is-layout-8cf370e7 wp-block-group-is-layout-flex\">\n<p><\/p>\n\n\n\n<p>predsednik: <strong>Rok Ule<\/strong><\/p>\n\n\n\n<p>poveljnik: <strong>Rok Premrov<\/strong><\/p>\n<\/div>\n\n\n\n<figure class=\"wp-block-gallery has-nested-images columns-default is-cropped wp-block-gallery-2 is-layout-flex wp-block-gallery-is-layout-flex\"><div class=\"wp-block-image\">\n<figure class=\"aligncenter size-large\"><a href=\"https:\/\/gzcerknica.si\/wp-content\/uploads\/2025\/02\/20220720_181940-scaled.jpg\"><img loading=\"lazy\" decoding=\"async\" width=\"1024\" height=\"768\" data-id=\"668\" src=\"https:\/\/gzcerknica.si\/wp-content\/uploads\/2025\/02\/20220720_181940-1024x768.jpg\" alt=\"\" class=\"wp-image-668\" srcset=\"https:\/\/gzcerknica.si\/wp-content\/uploads\/2025\/02\/20220720_181940-1024x768.jpg 1024w, https:\/\/gzcerknica.si\/wp-content\/uploads\/2025\/02\/20220720_181940-300x225.jpg 300w, https:\/\/gzcerknica.si\/wp-content\/uploads\/2025\/02\/20220720_181940-768x576.jpg 768w, https:\/\/gzcerknica.si\/wp-content\/uploads\/2025\/02\/20220720_181940-1536x1152.jpg 1536w, https:\/\/gzcerknica.si\/wp-content\/uploads\/2025\/02\/20220720_181940-2048x1536.jpg 2048w\" sizes=\"auto, (max-width: 1024px) 100vw, 1024px\" \/><\/a><figcaption class=\"wp-element-caption\">GVV<\/figcaption><\/figure>\n<\/div><\/figure>\n","protected":false},"excerpt":{"rendered":"<p>PGD Martinjak&nbsp; Dru\u0161tvo I. kategorije, ustanovljen leta 1936. Je dru\u0161tvo znotraj sektorja Grahovo in pokriva vas Martinjak z bli\u017enjo okolico in Slivnico. Prostovoljno gasilsko dru\u0161tvo Martinjak Martinjak 1b 1380 Cerknica spletna stran: facebook e-po\u0161ta:&nbsp;pgd.martinjak@gmail.com predsednik: Rok Ule poveljnik: Rok Premrov<\/p>\n","protected":false},"author":3,"featured_media":0,"parent":52,"menu_order":0,"comment_status":"closed","ping_status":"closed","template":"","meta":{"footnotes":""},"class_list":["post-83","page","type-page","status-publish","hentry"],"_links":{"self":[{"href":"https:\/\/gzcerknica.si\/index.php?rest_route=\/wp\/v2\/pages\/83","targetHints":{"allow":["GET"]}}],"collection":[{"href":"https:\/\/gzcerknica.si\/index.php?rest_route=\/wp\/v2\/pages"}],"about":[{"href":"https:\/\/gzcerknica.si\/index.php?rest_route=\/wp\/v2\/types\/page"}],"author":[{"embeddable":true,"href":"https:\/\/gzcerknica.si\/index.php?rest_route=\/wp\/v2\/users\/3"}],"replies":[{"embeddable":true,"href":"https:\/\/gzcerknica.si\/index.php?rest_route=%2Fwp%2Fv2%2Fcomments&post=83"}],"version-history":[{"count":4,"href":"https:\/\/gzcerknica.si\/index.php?rest_route=\/wp\/v2\/pages\/83\/revisions"}],"predecessor-version":[{"id":673,"href":"https:\/\/gzcerknica.si\/index.php?rest_route=\/wp\/v2\/pages\/83\/revisions\/673"}],"up":[{"embeddable":true,"href":"https:\/\/gzcerknica.si\/index.php?rest_route=\/wp\/v2\/pages\/52"}],"wp:attachment":[{"href":"https:\/\/gzcerknica.si\/index.php?rest_route=%2Fwp%2Fv2%2Fmedia&parent=83"}],"curies":[{"name":"wp","href":"https:\/\/api.w.org\/{rel}","templated":true}]}}