{"id":81,"date":"2024-11-22T08:44:15","date_gmt":"2024-11-22T08:44:15","guid":{"rendered":"https:\/\/gzcerknica.si\/?page_id=81"},"modified":"2024-11-30T08:56:48","modified_gmt":"2024-11-30T08:56:48","slug":"pgd-ivanje-selo","status":"publish","type":"page","link":"https:\/\/gzcerknica.si\/?page_id=81","title":{"rendered":"PGD Ivanje selo"},"content":{"rendered":"\n<div class=\"wp-block-group is-vertical is-layout-flex wp-container-core-group-is-layout-8cf370e7 wp-block-group-is-layout-flex\">\n<p><strong>PGD Ivanje selo<\/strong> <\/p>\n\n\n\n<p>Dru\u0161tvo I. kategorije, ustanovljen leta 1925. Je dru\u0161tvo znotraj sektorja Rakek in pokriva vas Ivanje selo z bli\u017enjo okolico.<\/p>\n<\/div>\n\n\n<div class=\"wp-block-image\">\n<figure class=\"aligncenter size-large is-resized\"><a href=\"https:\/\/gzcerknica.si\/wp-content\/uploads\/2024\/11\/GD-scaled.jpg\"><img loading=\"lazy\" decoding=\"async\" width=\"1024\" height=\"768\" src=\"https:\/\/gzcerknica.si\/wp-content\/uploads\/2024\/11\/GD-1024x768.jpg\" alt=\"\" class=\"wp-image-374\" style=\"width:481px;height:auto\" srcset=\"https:\/\/gzcerknica.si\/wp-content\/uploads\/2024\/11\/GD-1024x768.jpg 1024w, https:\/\/gzcerknica.si\/wp-content\/uploads\/2024\/11\/GD-300x225.jpg 300w, https:\/\/gzcerknica.si\/wp-content\/uploads\/2024\/11\/GD-768x576.jpg 768w, https:\/\/gzcerknica.si\/wp-content\/uploads\/2024\/11\/GD-1536x1152.jpg 1536w, https:\/\/gzcerknica.si\/wp-content\/uploads\/2024\/11\/GD-2048x1536.jpg 2048w\" sizes=\"auto, (max-width: 1024px) 100vw, 1024px\" \/><\/a><figcaption class=\"wp-element-caption\"><em>gasilski dom Ivanje selo<\/em><\/figcaption><\/figure>\n<\/div>\n\n\n<div class=\"wp-block-group is-vertical is-layout-flex wp-container-core-group-is-layout-8cf370e7 wp-block-group-is-layout-flex\">\n<p><strong>Prostovoljno gasilsko dru\u0161tvo Ivanje selo<\/strong><\/p>\n\n\n\n<p>Ivanje selo 6<\/p>\n\n\n\n<p>1381 Rakek<\/p>\n<\/div>\n\n\n\n<p><\/p>\n\n\n\n<p><\/p>\n\n\n\n<div class=\"wp-block-group is-vertical is-layout-flex wp-container-core-group-is-layout-8cf370e7 wp-block-group-is-layout-flex\">\n<p><\/p>\n\n\n\n<p>Spletna stran:&nbsp;<a href=\"http:\/\/pgd-ivanjeselo.si\/\" target=\"_blank\" rel=\"noreferrer noopener\">pgd-ivanjeselo.si\/<\/a>, <a href=\"https:\/\/www.instagram.com\/pgdivanjeselo\/\" data-type=\"link\" data-id=\"https:\/\/www.instagram.com\/pgdivanjeselo\/\">instagram<\/a><\/p>\n\n\n\n<p>E-po\u0161tni naslov:&nbsp;<a href=\"mailto:kontakt@pgd-ivanjeselo.si\" rel=\"noreferrer noopener\" target=\"_blank\">kontakt@pgd-ivanjeselo.si<\/a><\/p>\n<\/div>\n\n\n\n<p><\/p>\n\n\n\n<div class=\"wp-block-group is-vertical is-layout-flex wp-container-core-group-is-layout-8cf370e7 wp-block-group-is-layout-flex\">\n<p><\/p>\n\n\n\n<p>Predsednica: <strong>Katja Braniselj<\/strong><\/p>\n\n\n\n<p>Poveljnik: <strong>Zdene Hrestak&nbsp;<\/strong><\/p>\n<\/div>\n\n\n\n<p><\/p>\n\n\n\n<figure class=\"wp-block-gallery has-nested-images columns-default is-cropped wp-block-gallery-1 is-layout-flex wp-block-gallery-is-layout-flex\">\n<figure class=\"wp-block-image size-large\"><img loading=\"lazy\" decoding=\"async\" width=\"1024\" height=\"768\" data-id=\"375\" src=\"https:\/\/gzcerknica.si\/wp-content\/uploads\/2024\/11\/GV-1-1024x768.jpg\" alt=\"\" class=\"wp-image-375\" srcset=\"https:\/\/gzcerknica.si\/wp-content\/uploads\/2024\/11\/GV-1-1024x768.jpg 1024w, https:\/\/gzcerknica.si\/wp-content\/uploads\/2024\/11\/GV-1-300x225.jpg 300w, https:\/\/gzcerknica.si\/wp-content\/uploads\/2024\/11\/GV-1-768x576.jpg 768w, https:\/\/gzcerknica.si\/wp-content\/uploads\/2024\/11\/GV-1-1536x1152.jpg 1536w, https:\/\/gzcerknica.si\/wp-content\/uploads\/2024\/11\/GV-1-2048x1536.jpg 2048w\" sizes=\"auto, (max-width: 1024px) 100vw, 1024px\" \/><figcaption class=\"wp-element-caption\">GV-1<\/figcaption><\/figure>\n\n\n\n<figure class=\"wp-block-image size-large\"><img loading=\"lazy\" decoding=\"async\" width=\"1024\" height=\"768\" data-id=\"376\" src=\"https:\/\/gzcerknica.si\/wp-content\/uploads\/2024\/11\/GVGP-1-1024x768.jpg\" alt=\"\" class=\"wp-image-376\" srcset=\"https:\/\/gzcerknica.si\/wp-content\/uploads\/2024\/11\/GVGP-1-1024x768.jpg 1024w, https:\/\/gzcerknica.si\/wp-content\/uploads\/2024\/11\/GVGP-1-300x225.jpg 300w, https:\/\/gzcerknica.si\/wp-content\/uploads\/2024\/11\/GVGP-1-768x576.jpg 768w, https:\/\/gzcerknica.si\/wp-content\/uploads\/2024\/11\/GVGP-1-1536x1152.jpg 1536w, https:\/\/gzcerknica.si\/wp-content\/uploads\/2024\/11\/GVGP-1-2048x1536.jpg 2048w\" sizes=\"auto, (max-width: 1024px) 100vw, 1024px\" \/><figcaption class=\"wp-element-caption\">GVGP-1<\/figcaption><\/figure>\n<\/figure>\n\n\n\n<p><\/p>\n","protected":false},"excerpt":{"rendered":"<p>PGD Ivanje selo Dru\u0161tvo I. kategorije, ustanovljen leta 1925. Je dru\u0161tvo znotraj sektorja Rakek in pokriva vas Ivanje selo z bli\u017enjo okolico. Prostovoljno gasilsko dru\u0161tvo Ivanje selo Ivanje selo 6 1381 Rakek Spletna stran:&nbsp;pgd-ivanjeselo.si\/, instagram E-po\u0161tni naslov:&nbsp;kontakt@pgd-ivanjeselo.si Predsednica: Katja Braniselj Poveljnik: Zdene Hrestak&nbsp;<\/p>\n","protected":false},"author":3,"featured_media":0,"parent":52,"menu_order":0,"comment_status":"closed","ping_status":"closed","template":"","meta":{"footnotes":""},"class_list":["post-81","page","type-page","status-publish","hentry"],"_links":{"self":[{"href":"https:\/\/gzcerknica.si\/index.php?rest_route=\/wp\/v2\/pages\/81","targetHints":{"allow":["GET"]}}],"collection":[{"href":"https:\/\/gzcerknica.si\/index.php?rest_route=\/wp\/v2\/pages"}],"about":[{"href":"https:\/\/gzcerknica.si\/index.php?rest_route=\/wp\/v2\/types\/page"}],"author":[{"embeddable":true,"href":"https:\/\/gzcerknica.si\/index.php?rest_route=\/wp\/v2\/users\/3"}],"replies":[{"embeddable":true,"href":"https:\/\/gzcerknica.si\/index.php?rest_route=%2Fwp%2Fv2%2Fcomments&post=81"}],"version-history":[{"count":4,"href":"https:\/\/gzcerknica.si\/index.php?rest_route=\/wp\/v2\/pages\/81\/revisions"}],"predecessor-version":[{"id":461,"href":"https:\/\/gzcerknica.si\/index.php?rest_route=\/wp\/v2\/pages\/81\/revisions\/461"}],"up":[{"embeddable":true,"href":"https:\/\/gzcerknica.si\/index.php?rest_route=\/wp\/v2\/pages\/52"}],"wp:attachment":[{"href":"https:\/\/gzcerknica.si\/index.php?rest_route=%2Fwp%2Fv2%2Fmedia&parent=81"}],"curies":[{"name":"wp","href":"https:\/\/api.w.org\/{rel}","templated":true}]}}