{"id":79,"date":"2024-11-22T08:43:59","date_gmt":"2024-11-22T08:43:59","guid":{"rendered":"https:\/\/gzcerknica.si\/?page_id=79"},"modified":"2024-12-16T16:46:12","modified_gmt":"2024-12-16T16:46:12","slug":"pgd-grahovo","status":"publish","type":"page","link":"https:\/\/gzcerknica.si\/?page_id=79","title":{"rendered":"PGD Grahovo"},"content":{"rendered":"\n<p><strong>PGD Grahovo<\/strong><br>Dru\u0161tvo II. kategorije, ustanovljeno leta 1924. Osrednje dru\u0161tvo v sektorju Grahovo, ki pokriva naslednja naselja: Grahovo, Blo\u010dice, Blo\u0161ka Polica.<\/p>\n\n\n\n<p><\/p>\n\n\n\n<p><strong>Prostovoljno gasilsko dru\u0161tvo Grahovo<\/strong><br>Grahovo 123<br>1384 Grahovo<br><br>spletna stran:\u00a0<a href=\"http:\/\/www.pgd-grahovo.si\/\" target=\"_blank\" rel=\"noreferrer noopener\">pgd-grahovo.si<\/a>\u00a0,\u00a0<a href=\"https:\/\/www.facebook.com\/PGDGrahovo123\" data-type=\"link\" data-id=\"https:\/\/www.facebook.com\/PGDGrahovo123\" target=\"_blank\" rel=\"noreferrer noopener\">facebook<\/a>,<a href=\"https:\/\/www.instagram.com\/pgdgrahovo\/\" data-type=\"link\" data-id=\"https:\/\/www.instagram.com\/pgdgrahovo\/\"> instagram<\/a><br>e-po\u0161ta:\u00a0<a href=\"mailto:mojca.grahovo@gmail.com\" target=\"_blank\" rel=\"noreferrer noopener\">mojca.grahovo@gmail.com<\/a><br><br>predsednica:\u00a0<strong>Mojca Intihar<\/strong><br>poveljnik:\u00a0<strong>Martin Mi\u0161i\u010d<\/strong><\/p>\n\n\n<div class=\"wp-block-image\">\n<figure class=\"aligncenter size-full\"><a href=\"https:\/\/gzcerknica.si\/wp-content\/uploads\/2024\/12\/IMG_20160419_142606.jpg\"><img loading=\"lazy\" decoding=\"async\" width=\"607\" height=\"455\" src=\"https:\/\/gzcerknica.si\/wp-content\/uploads\/2024\/12\/IMG_20160419_142606.jpg\" alt=\"\" class=\"wp-image-416\" srcset=\"https:\/\/gzcerknica.si\/wp-content\/uploads\/2024\/12\/IMG_20160419_142606.jpg 607w, https:\/\/gzcerknica.si\/wp-content\/uploads\/2024\/12\/IMG_20160419_142606-300x225.jpg 300w\" sizes=\"auto, (max-width: 607px) 100vw, 607px\" \/><\/a><\/figure>\n<\/div>","protected":false},"excerpt":{"rendered":"<p>PGD GrahovoDru\u0161tvo II. kategorije, ustanovljeno leta 1924. Osrednje dru\u0161tvo v sektorju Grahovo, ki pokriva naslednja naselja: Grahovo, Blo\u010dice, Blo\u0161ka Polica. Prostovoljno gasilsko dru\u0161tvo GrahovoGrahovo 1231384 Grahovo spletna stran:\u00a0pgd-grahovo.si\u00a0,\u00a0facebook, instagrame-po\u0161ta:\u00a0mojca.grahovo@gmail.com predsednica:\u00a0Mojca Intiharpoveljnik:\u00a0Martin Mi\u0161i\u010d<\/p>\n","protected":false},"author":3,"featured_media":0,"parent":52,"menu_order":0,"comment_status":"closed","ping_status":"closed","template":"","meta":{"footnotes":""},"class_list":["post-79","page","type-page","status-publish","hentry"],"_links":{"self":[{"href":"https:\/\/gzcerknica.si\/index.php?rest_route=\/wp\/v2\/pages\/79","targetHints":{"allow":["GET"]}}],"collection":[{"href":"https:\/\/gzcerknica.si\/index.php?rest_route=\/wp\/v2\/pages"}],"about":[{"href":"https:\/\/gzcerknica.si\/index.php?rest_route=\/wp\/v2\/types\/page"}],"author":[{"embeddable":true,"href":"https:\/\/gzcerknica.si\/index.php?rest_route=\/wp\/v2\/users\/3"}],"replies":[{"embeddable":true,"href":"https:\/\/gzcerknica.si\/index.php?rest_route=%2Fwp%2Fv2%2Fcomments&post=79"}],"version-history":[{"count":3,"href":"https:\/\/gzcerknica.si\/index.php?rest_route=\/wp\/v2\/pages\/79\/revisions"}],"predecessor-version":[{"id":493,"href":"https:\/\/gzcerknica.si\/index.php?rest_route=\/wp\/v2\/pages\/79\/revisions\/493"}],"up":[{"embeddable":true,"href":"https:\/\/gzcerknica.si\/index.php?rest_route=\/wp\/v2\/pages\/52"}],"wp:attachment":[{"href":"https:\/\/gzcerknica.si\/index.php?rest_route=%2Fwp%2Fv2%2Fmedia&parent=79"}],"curies":[{"name":"wp","href":"https:\/\/api.w.org\/{rel}","templated":true}]}}