{"id":75,"date":"2024-11-22T08:43:18","date_gmt":"2024-11-22T08:43:18","guid":{"rendered":"https:\/\/gzcerknica.si\/?page_id=75"},"modified":"2024-12-19T18:04:20","modified_gmt":"2024-12-19T18:04:20","slug":"pgd-dolenje-jezero","status":"publish","type":"page","link":"https:\/\/gzcerknica.si\/?page_id=75","title":{"rendered":"PGD Dolenje Jezero"},"content":{"rendered":"\n<div class=\"wp-block-group is-vertical is-layout-flex wp-container-core-group-is-layout-8cf370e7 wp-block-group-is-layout-flex\">\n<p>PGD Dolenje Jezero<\/p>\n\n\n\n<p>Dru\u0161tvo I. kategorije, ustanovljeno leta 1923. Dru\u0161tvo pokriva naselje Dolenje Jezero in Otok, spada v<br>sektor Cerknica.<\/p>\n<\/div>\n\n\n\n<p><\/p>\n\n\n\n<p><\/p>\n\n\n\n<p><strong>Prostovoljno gasilsko dru\u0161tvo Dolenje Jezero<\/strong><br>Dolenje Jezero 50 B<br>1380 Cerknica<br><\/p>\n\n\n\n<p><\/p>\n\n\n\n<p>Spletna stran: <a href=\"https:\/\/www.facebook.com\/groups\/508434492544697\/?locale=sl_SI\" data-type=\"link\" data-id=\"https:\/\/www.facebook.com\/groups\/508434492544697\/?locale=sl_SI\">facebook<\/a><br>e-po\u0161ta: <a href=\"mailto:gasilci.dolenje.jezero@gmail.com\">gasilci.dolenje.jezero@gmail.com<\/a><br><\/p>\n\n\n\n<p><\/p>\n\n\n\n<p>Predsednik: <strong>Jan Kebe<\/strong><br>Poveljnik: <strong>Matev\u017e Mulec<\/strong><\/p>\n\n\n\n<p><\/p>\n","protected":false},"excerpt":{"rendered":"<p>PGD Dolenje Jezero Dru\u0161tvo I. kategorije, ustanovljeno leta 1923. Dru\u0161tvo pokriva naselje Dolenje Jezero in Otok, spada vsektor Cerknica. Prostovoljno gasilsko dru\u0161tvo Dolenje JezeroDolenje Jezero 50 B1380 Cerknica Spletna stran: facebooke-po\u0161ta: gasilci.dolenje.jezero@gmail.com Predsednik: Jan KebePoveljnik: Matev\u017e Mulec<\/p>\n","protected":false},"author":3,"featured_media":0,"parent":52,"menu_order":0,"comment_status":"closed","ping_status":"closed","template":"","meta":{"footnotes":""},"class_list":["post-75","page","type-page","status-publish","hentry"],"_links":{"self":[{"href":"https:\/\/gzcerknica.si\/index.php?rest_route=\/wp\/v2\/pages\/75","targetHints":{"allow":["GET"]}}],"collection":[{"href":"https:\/\/gzcerknica.si\/index.php?rest_route=\/wp\/v2\/pages"}],"about":[{"href":"https:\/\/gzcerknica.si\/index.php?rest_route=\/wp\/v2\/types\/page"}],"author":[{"embeddable":true,"href":"https:\/\/gzcerknica.si\/index.php?rest_route=\/wp\/v2\/users\/3"}],"replies":[{"embeddable":true,"href":"https:\/\/gzcerknica.si\/index.php?rest_route=%2Fwp%2Fv2%2Fcomments&post=75"}],"version-history":[{"count":3,"href":"https:\/\/gzcerknica.si\/index.php?rest_route=\/wp\/v2\/pages\/75\/revisions"}],"predecessor-version":[{"id":501,"href":"https:\/\/gzcerknica.si\/index.php?rest_route=\/wp\/v2\/pages\/75\/revisions\/501"}],"up":[{"embeddable":true,"href":"https:\/\/gzcerknica.si\/index.php?rest_route=\/wp\/v2\/pages\/52"}],"wp:attachment":[{"href":"https:\/\/gzcerknica.si\/index.php?rest_route=%2Fwp%2Fv2%2Fmedia&parent=75"}],"curies":[{"name":"wp","href":"https:\/\/api.w.org\/{rel}","templated":true}]}}