{"id":73,"date":"2024-11-22T08:42:54","date_gmt":"2024-11-22T08:42:54","guid":{"rendered":"https:\/\/gzcerknica.si\/?page_id=73"},"modified":"2024-11-30T08:46:20","modified_gmt":"2024-11-30T08:46:20","slug":"pgd-dolenja-vas","status":"publish","type":"page","link":"https:\/\/gzcerknica.si\/?page_id=73","title":{"rendered":"PGD Dolenja vas"},"content":{"rendered":"\n<p><br><strong>PGD Dolenja vas pri Cerknici<\/strong><br>Dru\u0161tvo I. kategorije, ustanovljeno leta 1891. Eno od treh dru\u0161tev v sektorju Cerknica, ki pokriva naslednja naselja: Dolenja vas, Podskrajnik, Zel\u0161e, IC Podskrajnik<br><\/p>\n\n\n<div class=\"wp-block-image\">\n<figure class=\"aligncenter size-large is-resized\"><a href=\"https:\/\/gzcerknica.si\/wp-content\/uploads\/2024\/11\/PGD-Dolenja-vas_gasilski-dom_7-scaled.jpg\"><img loading=\"lazy\" decoding=\"async\" width=\"1024\" height=\"768\" src=\"https:\/\/gzcerknica.si\/wp-content\/uploads\/2024\/11\/PGD-Dolenja-vas_gasilski-dom_7-1024x768.jpg\" alt=\"\" class=\"wp-image-363\" style=\"width:572px;height:auto\" srcset=\"https:\/\/gzcerknica.si\/wp-content\/uploads\/2024\/11\/PGD-Dolenja-vas_gasilski-dom_7-1024x768.jpg 1024w, https:\/\/gzcerknica.si\/wp-content\/uploads\/2024\/11\/PGD-Dolenja-vas_gasilski-dom_7-300x225.jpg 300w, https:\/\/gzcerknica.si\/wp-content\/uploads\/2024\/11\/PGD-Dolenja-vas_gasilski-dom_7-768x576.jpg 768w, https:\/\/gzcerknica.si\/wp-content\/uploads\/2024\/11\/PGD-Dolenja-vas_gasilski-dom_7-1536x1152.jpg 1536w, https:\/\/gzcerknica.si\/wp-content\/uploads\/2024\/11\/PGD-Dolenja-vas_gasilski-dom_7-2048x1536.jpg 2048w\" sizes=\"auto, (max-width: 1024px) 100vw, 1024px\" \/><\/a><figcaption class=\"wp-element-caption\"><em>gasilski dom Dolenja vas<\/em><\/figcaption><\/figure>\n<\/div>\n\n\n<p><br><strong>Prostovoljno gasilsko dru\u0161tvo Dolenja vas pri Cerknici<\/strong><br>Dolenja vas 54A<br>1380 Cerknica<br><\/p>\n\n\n\n<p>spletna stran:\u00a0<a href=\"https:\/\/www.facebook.com\/share\/g\/19eKzAnc1u\/\">Facebook<\/a>, <a href=\"https:\/\/www.instagram.com\/pgd_dolenja_vas_pri_cerknici?igsh=MXU0ZG53ZGlldnI2dQ==\">Instagram<\/a> \u00a0\u00a0<br>e-po\u0161ta: <a href=\"mailto:pgddolenjavas@gmail.com\">pgddolenjavas@gmail.com<\/a><br><\/p>\n\n\n\n<p>predsednik:\u00a0<strong>Jernej Ben\u010dan<\/strong><br>poveljnik:\u00a0<strong>Matija \u0160kerl<\/strong><\/p>\n\n\n\n<figure class=\"wp-block-gallery has-nested-images columns-default is-cropped wp-block-gallery-1 is-layout-flex wp-block-gallery-is-layout-flex\">\n<figure class=\"wp-block-image size-large\"><a href=\"https:\/\/gzcerknica.si\/wp-content\/uploads\/2024\/11\/PGD-Dolenja-vas_GVV1_8-1-scaled.jpg\"><img loading=\"lazy\" decoding=\"async\" width=\"1024\" height=\"768\" data-id=\"366\" src=\"https:\/\/gzcerknica.si\/wp-content\/uploads\/2024\/11\/PGD-Dolenja-vas_GVV1_8-1-1024x768.jpg\" alt=\"\" class=\"wp-image-366\" srcset=\"https:\/\/gzcerknica.si\/wp-content\/uploads\/2024\/11\/PGD-Dolenja-vas_GVV1_8-1-1024x768.jpg 1024w, https:\/\/gzcerknica.si\/wp-content\/uploads\/2024\/11\/PGD-Dolenja-vas_GVV1_8-1-300x225.jpg 300w, https:\/\/gzcerknica.si\/wp-content\/uploads\/2024\/11\/PGD-Dolenja-vas_GVV1_8-1-768x576.jpg 768w, https:\/\/gzcerknica.si\/wp-content\/uploads\/2024\/11\/PGD-Dolenja-vas_GVV1_8-1-1536x1152.jpg 1536w, https:\/\/gzcerknica.si\/wp-content\/uploads\/2024\/11\/PGD-Dolenja-vas_GVV1_8-1-2048x1536.jpg 2048w\" sizes=\"auto, (max-width: 1024px) 100vw, 1024px\" \/><\/a><figcaption class=\"wp-element-caption\">GVV-1<\/figcaption><\/figure>\n\n\n\n<figure class=\"wp-block-image size-large\"><a href=\"https:\/\/gzcerknica.si\/wp-content\/uploads\/2024\/11\/PGD-Dolenja-vas_VGV_6-scaled.jpg\"><img loading=\"lazy\" decoding=\"async\" width=\"1024\" height=\"768\" data-id=\"365\" src=\"https:\/\/gzcerknica.si\/wp-content\/uploads\/2024\/11\/PGD-Dolenja-vas_VGV_6-1024x768.jpg\" alt=\"\" class=\"wp-image-365\" srcset=\"https:\/\/gzcerknica.si\/wp-content\/uploads\/2024\/11\/PGD-Dolenja-vas_VGV_6-1024x768.jpg 1024w, https:\/\/gzcerknica.si\/wp-content\/uploads\/2024\/11\/PGD-Dolenja-vas_VGV_6-300x225.jpg 300w, https:\/\/gzcerknica.si\/wp-content\/uploads\/2024\/11\/PGD-Dolenja-vas_VGV_6-768x576.jpg 768w, https:\/\/gzcerknica.si\/wp-content\/uploads\/2024\/11\/PGD-Dolenja-vas_VGV_6-1536x1152.jpg 1536w, https:\/\/gzcerknica.si\/wp-content\/uploads\/2024\/11\/PGD-Dolenja-vas_VGV_6-2048x1536.jpg 2048w\" sizes=\"auto, (max-width: 1024px) 100vw, 1024px\" \/><\/a><figcaption class=\"wp-element-caption\">VGV-1<\/figcaption><\/figure>\n<\/figure>\n\n\n\n<p><\/p>\n","protected":false},"excerpt":{"rendered":"<p>PGD Dolenja vas pri CerkniciDru\u0161tvo I. kategorije, ustanovljeno leta 1891. Eno od treh dru\u0161tev v sektorju Cerknica, ki pokriva naslednja naselja: Dolenja vas, Podskrajnik, Zel\u0161e, IC Podskrajnik Prostovoljno gasilsko dru\u0161tvo Dolenja vas pri CerkniciDolenja vas 54A1380 Cerknica spletna stran:\u00a0Facebook, Instagram \u00a0\u00a0e-po\u0161ta: pgddolenjavas@gmail.com predsednik:\u00a0Jernej Ben\u010danpoveljnik:\u00a0Matija \u0160kerl<\/p>\n","protected":false},"author":3,"featured_media":0,"parent":52,"menu_order":0,"comment_status":"closed","ping_status":"closed","template":"","meta":{"footnotes":""},"class_list":["post-73","page","type-page","status-publish","hentry"],"_links":{"self":[{"href":"https:\/\/gzcerknica.si\/index.php?rest_route=\/wp\/v2\/pages\/73","targetHints":{"allow":["GET"]}}],"collection":[{"href":"https:\/\/gzcerknica.si\/index.php?rest_route=\/wp\/v2\/pages"}],"about":[{"href":"https:\/\/gzcerknica.si\/index.php?rest_route=\/wp\/v2\/types\/page"}],"author":[{"embeddable":true,"href":"https:\/\/gzcerknica.si\/index.php?rest_route=\/wp\/v2\/users\/3"}],"replies":[{"embeddable":true,"href":"https:\/\/gzcerknica.si\/index.php?rest_route=%2Fwp%2Fv2%2Fcomments&post=73"}],"version-history":[{"count":2,"href":"https:\/\/gzcerknica.si\/index.php?rest_route=\/wp\/v2\/pages\/73\/revisions"}],"predecessor-version":[{"id":367,"href":"https:\/\/gzcerknica.si\/index.php?rest_route=\/wp\/v2\/pages\/73\/revisions\/367"}],"up":[{"embeddable":true,"href":"https:\/\/gzcerknica.si\/index.php?rest_route=\/wp\/v2\/pages\/52"}],"wp:attachment":[{"href":"https:\/\/gzcerknica.si\/index.php?rest_route=%2Fwp%2Fv2%2Fmedia&parent=73"}],"curies":[{"name":"wp","href":"https:\/\/api.w.org\/{rel}","templated":true}]}}