{"id":71,"date":"2024-11-22T08:41:59","date_gmt":"2024-11-22T08:41:59","guid":{"rendered":"https:\/\/gzcerknica.si\/?page_id=71"},"modified":"2024-12-01T07:56:38","modified_gmt":"2024-12-01T07:56:38","slug":"pgd-cerknica","status":"publish","type":"page","link":"https:\/\/gzcerknica.si\/?page_id=71","title":{"rendered":"PGD Cerknica"},"content":{"rendered":"\n<p><strong>PGD Cerknica<\/strong><br>Dru\u0161tvo III. kategorije, ustanovljeno leta 1887. Osrednje dru\u0161tvo v Ob\u010dini Cerknica in osrednje dru\u0161tvo v sektorju Cerknica. Gasilska enota \u0161ir\u0161ega pomena, ki pokriva ob\u010dine Cerknica, Bloke in Lo\u0161ka dolina.<\/p>\n\n\n\n<p><\/p>\n\n\n<div class=\"wp-block-image\">\n<figure class=\"aligncenter size-large is-resized\"><a href=\"https:\/\/gzcerknica.si\/wp-content\/uploads\/2024\/12\/PGD-Cerknica.jpg\"><img loading=\"lazy\" decoding=\"async\" width=\"1024\" height=\"683\" src=\"https:\/\/gzcerknica.si\/wp-content\/uploads\/2024\/12\/PGD-Cerknica-1024x683.jpg\" alt=\"\" class=\"wp-image-389\" style=\"width:585px;height:auto\" srcset=\"https:\/\/gzcerknica.si\/wp-content\/uploads\/2024\/12\/PGD-Cerknica-1024x683.jpg 1024w, https:\/\/gzcerknica.si\/wp-content\/uploads\/2024\/12\/PGD-Cerknica-300x200.jpg 300w, https:\/\/gzcerknica.si\/wp-content\/uploads\/2024\/12\/PGD-Cerknica-768x512.jpg 768w, https:\/\/gzcerknica.si\/wp-content\/uploads\/2024\/12\/PGD-Cerknica.jpg 1200w\" sizes=\"auto, (max-width: 1024px) 100vw, 1024px\" \/><\/a><figcaption class=\"wp-element-caption\"><em>gasilski dom Cerknica<\/em><\/figcaption><\/figure>\n<\/div>\n\n\n<div class=\"wp-block-group is-vertical is-layout-flex wp-container-core-group-is-layout-8cf370e7 wp-block-group-is-layout-flex\">\n<p><strong>Prostovoljno gasilsko dru\u0161tvo Cerknica<\/strong><br>Notranjska cesta 42b<\/p>\n\n\n\n<p>1380 Cerknica<\/p>\n<\/div>\n\n\n\n<p><br>spletna stran:&nbsp;<a href=\"http:\/\/www.pgd-cerknica.si\/\" target=\"_blank\" rel=\"noreferrer noopener\">www.pgd-cerknica.si<\/a>,&nbsp;<a href=\"https:\/\/www.facebook.com\/pgdcerknica\/\" target=\"_blank\" rel=\"noreferrer noopener\">Facebook<\/a>,&nbsp;<a href=\"https:\/\/www.instagram.com\/gasilska_enota_cerknica\/\" target=\"_blank\" rel=\"noreferrer noopener\">Instagram<\/a><br>e-po\u0161ta:&nbsp;<a href=\"mailto:info@pgd-cerknica.si\" target=\"_blank\" rel=\"noreferrer noopener\">info@pgd-cerknica.si<\/a><br><br><\/p>\n\n\n\n<p>predsednik:&nbsp;<strong>Matja\u017e Knap<\/strong><br>poveljnik:&nbsp;<strong>Ale\u0161 Doles<\/strong><\/p>\n\n\n\n<p><\/p>\n\n\n\n<figure class=\"wp-block-gallery has-nested-images columns-default is-cropped wp-block-gallery-1 is-layout-flex wp-block-gallery-is-layout-flex\">\n<figure class=\"wp-block-image size-large\"><a href=\"https:\/\/gzcerknica.si\/wp-content\/uploads\/2024\/12\/GVC-16-15.jpg\"><img loading=\"lazy\" decoding=\"async\" width=\"683\" height=\"1024\" data-id=\"391\" src=\"https:\/\/gzcerknica.si\/wp-content\/uploads\/2024\/12\/GVC-16-15-683x1024.jpg\" alt=\"\" class=\"wp-image-391\" srcset=\"https:\/\/gzcerknica.si\/wp-content\/uploads\/2024\/12\/GVC-16-15-683x1024.jpg 683w, https:\/\/gzcerknica.si\/wp-content\/uploads\/2024\/12\/GVC-16-15-200x300.jpg 200w, https:\/\/gzcerknica.si\/wp-content\/uploads\/2024\/12\/GVC-16-15-768x1152.jpg 768w, https:\/\/gzcerknica.si\/wp-content\/uploads\/2024\/12\/GVC-16-15.jpg 800w\" sizes=\"auto, (max-width: 683px) 100vw, 683px\" \/><\/a><figcaption class=\"wp-element-caption\">GVC 16-15<\/figcaption><\/figure>\n\n\n\n<figure class=\"wp-block-image size-large\"><a href=\"https:\/\/gzcerknica.si\/wp-content\/uploads\/2024\/12\/GVC-24-50.jpg\"><img loading=\"lazy\" decoding=\"async\" width=\"683\" height=\"1024\" data-id=\"394\" src=\"https:\/\/gzcerknica.si\/wp-content\/uploads\/2024\/12\/GVC-24-50-683x1024.jpg\" alt=\"\" class=\"wp-image-394\" srcset=\"https:\/\/gzcerknica.si\/wp-content\/uploads\/2024\/12\/GVC-24-50-683x1024.jpg 683w, https:\/\/gzcerknica.si\/wp-content\/uploads\/2024\/12\/GVC-24-50-200x300.jpg 200w, https:\/\/gzcerknica.si\/wp-content\/uploads\/2024\/12\/GVC-24-50-768x1152.jpg 768w, https:\/\/gzcerknica.si\/wp-content\/uploads\/2024\/12\/GVC-24-50.jpg 800w\" sizes=\"auto, (max-width: 683px) 100vw, 683px\" \/><\/a><figcaption class=\"wp-element-caption\">GVC 24-50<\/figcaption><\/figure>\n\n\n\n<figure class=\"wp-block-image size-large\"><a href=\"https:\/\/gzcerknica.si\/wp-content\/uploads\/2024\/12\/GVC-3.jpg\"><img loading=\"lazy\" decoding=\"async\" width=\"683\" height=\"1024\" data-id=\"392\" src=\"https:\/\/gzcerknica.si\/wp-content\/uploads\/2024\/12\/GVC-3-683x1024.jpg\" alt=\"\" class=\"wp-image-392\" srcset=\"https:\/\/gzcerknica.si\/wp-content\/uploads\/2024\/12\/GVC-3-683x1024.jpg 683w, https:\/\/gzcerknica.si\/wp-content\/uploads\/2024\/12\/GVC-3-200x300.jpg 200w, https:\/\/gzcerknica.si\/wp-content\/uploads\/2024\/12\/GVC-3-768x1152.jpg 768w, https:\/\/gzcerknica.si\/wp-content\/uploads\/2024\/12\/GVC-3.jpg 800w\" sizes=\"auto, (max-width: 683px) 100vw, 683px\" \/><\/a><figcaption class=\"wp-element-caption\">GVC -3<\/figcaption><\/figure>\n\n\n\n<figure class=\"wp-block-image size-large\"><a href=\"https:\/\/gzcerknica.si\/wp-content\/uploads\/2024\/12\/GVL-2.jpg\"><img loading=\"lazy\" decoding=\"async\" width=\"683\" height=\"1024\" data-id=\"395\" src=\"https:\/\/gzcerknica.si\/wp-content\/uploads\/2024\/12\/GVL-2-683x1024.jpg\" alt=\"\" class=\"wp-image-395\" srcset=\"https:\/\/gzcerknica.si\/wp-content\/uploads\/2024\/12\/GVL-2-683x1024.jpg 683w, https:\/\/gzcerknica.si\/wp-content\/uploads\/2024\/12\/GVL-2-200x300.jpg 200w, https:\/\/gzcerknica.si\/wp-content\/uploads\/2024\/12\/GVL-2-768x1152.jpg 768w, https:\/\/gzcerknica.si\/wp-content\/uploads\/2024\/12\/GVL-2.jpg 800w\" sizes=\"auto, (max-width: 683px) 100vw, 683px\" \/><\/a><figcaption class=\"wp-element-caption\">GVL-2<\/figcaption><\/figure>\n\n\n\n<figure class=\"wp-block-image size-large\"><a href=\"https:\/\/gzcerknica.si\/wp-content\/uploads\/2024\/12\/GVM-1-Ford.jpg\"><img loading=\"lazy\" decoding=\"async\" width=\"683\" height=\"1024\" data-id=\"397\" src=\"https:\/\/gzcerknica.si\/wp-content\/uploads\/2024\/12\/GVM-1-Ford-683x1024.jpg\" alt=\"\" class=\"wp-image-397\" srcset=\"https:\/\/gzcerknica.si\/wp-content\/uploads\/2024\/12\/GVM-1-Ford-683x1024.jpg 683w, https:\/\/gzcerknica.si\/wp-content\/uploads\/2024\/12\/GVM-1-Ford-200x300.jpg 200w, https:\/\/gzcerknica.si\/wp-content\/uploads\/2024\/12\/GVM-1-Ford-768x1152.jpg 768w, https:\/\/gzcerknica.si\/wp-content\/uploads\/2024\/12\/GVM-1-Ford.jpg 800w\" sizes=\"auto, (max-width: 683px) 100vw, 683px\" \/><\/a><figcaption class=\"wp-element-caption\">GVM-1<\/figcaption><\/figure>\n\n\n\n<figure class=\"wp-block-image size-large\"><a href=\"https:\/\/gzcerknica.si\/wp-content\/uploads\/2024\/12\/GVM-1-Renault.jpg\"><img loading=\"lazy\" decoding=\"async\" width=\"683\" height=\"1024\" data-id=\"396\" src=\"https:\/\/gzcerknica.si\/wp-content\/uploads\/2024\/12\/GVM-1-Renault-683x1024.jpg\" alt=\"\" class=\"wp-image-396\" srcset=\"https:\/\/gzcerknica.si\/wp-content\/uploads\/2024\/12\/GVM-1-Renault-683x1024.jpg 683w, https:\/\/gzcerknica.si\/wp-content\/uploads\/2024\/12\/GVM-1-Renault-200x300.jpg 200w, https:\/\/gzcerknica.si\/wp-content\/uploads\/2024\/12\/GVM-1-Renault-768x1152.jpg 768w, https:\/\/gzcerknica.si\/wp-content\/uploads\/2024\/12\/GVM-1-Renault.jpg 800w\" sizes=\"auto, (max-width: 683px) 100vw, 683px\" \/><\/a><figcaption class=\"wp-element-caption\">GVM-1<\/figcaption><\/figure>\n\n\n<div class=\"wp-block-image\">\n<figure class=\"aligncenter size-large\"><a href=\"https:\/\/gzcerknica.si\/wp-content\/uploads\/2024\/12\/HTRV-1.jpg\"><img loading=\"lazy\" decoding=\"async\" width=\"683\" height=\"1024\" data-id=\"393\" src=\"https:\/\/gzcerknica.si\/wp-content\/uploads\/2024\/12\/HTRV-1-683x1024.jpg\" alt=\"\" class=\"wp-image-393\" srcset=\"https:\/\/gzcerknica.si\/wp-content\/uploads\/2024\/12\/HTRV-1-683x1024.jpg 683w, https:\/\/gzcerknica.si\/wp-content\/uploads\/2024\/12\/HTRV-1-200x300.jpg 200w, https:\/\/gzcerknica.si\/wp-content\/uploads\/2024\/12\/HTRV-1-768x1152.jpg 768w, https:\/\/gzcerknica.si\/wp-content\/uploads\/2024\/12\/HTRV-1.jpg 800w\" sizes=\"auto, (max-width: 683px) 100vw, 683px\" \/><\/a><figcaption class=\"wp-element-caption\">HTRV-1<\/figcaption><\/figure>\n<\/div><\/figure>\n\n\n\n<p><\/p>\n","protected":false},"excerpt":{"rendered":"<p>PGD CerknicaDru\u0161tvo III. kategorije, ustanovljeno leta 1887. Osrednje dru\u0161tvo v Ob\u010dini Cerknica in osrednje dru\u0161tvo v sektorju Cerknica. Gasilska enota \u0161ir\u0161ega pomena, ki pokriva ob\u010dine Cerknica, Bloke in Lo\u0161ka dolina. Prostovoljno gasilsko dru\u0161tvo CerknicaNotranjska cesta 42b 1380 Cerknica spletna stran:&nbsp;www.pgd-cerknica.si,&nbsp;Facebook,&nbsp;Instagrame-po\u0161ta:&nbsp;info@pgd-cerknica.si predsednik:&nbsp;Matja\u017e Knappoveljnik:&nbsp;Ale\u0161 Doles<\/p>\n","protected":false},"author":3,"featured_media":0,"parent":52,"menu_order":0,"comment_status":"closed","ping_status":"closed","template":"","meta":{"footnotes":""},"class_list":["post-71","page","type-page","status-publish","hentry"],"_links":{"self":[{"href":"https:\/\/gzcerknica.si\/index.php?rest_route=\/wp\/v2\/pages\/71","targetHints":{"allow":["GET"]}}],"collection":[{"href":"https:\/\/gzcerknica.si\/index.php?rest_route=\/wp\/v2\/pages"}],"about":[{"href":"https:\/\/gzcerknica.si\/index.php?rest_route=\/wp\/v2\/types\/page"}],"author":[{"embeddable":true,"href":"https:\/\/gzcerknica.si\/index.php?rest_route=\/wp\/v2\/users\/3"}],"replies":[{"embeddable":true,"href":"https:\/\/gzcerknica.si\/index.php?rest_route=%2Fwp%2Fv2%2Fcomments&post=71"}],"version-history":[{"count":3,"href":"https:\/\/gzcerknica.si\/index.php?rest_route=\/wp\/v2\/pages\/71\/revisions"}],"predecessor-version":[{"id":398,"href":"https:\/\/gzcerknica.si\/index.php?rest_route=\/wp\/v2\/pages\/71\/revisions\/398"}],"up":[{"embeddable":true,"href":"https:\/\/gzcerknica.si\/index.php?rest_route=\/wp\/v2\/pages\/52"}],"wp:attachment":[{"href":"https:\/\/gzcerknica.si\/index.php?rest_route=%2Fwp%2Fv2%2Fmedia&parent=71"}],"curies":[{"name":"wp","href":"https:\/\/api.w.org\/{rel}","templated":true}]}}