{"id":69,"date":"2024-11-22T08:41:26","date_gmt":"2024-11-22T08:41:26","guid":{"rendered":"https:\/\/gzcerknica.si\/?page_id=69"},"modified":"2024-12-07T10:14:47","modified_gmt":"2024-12-07T10:14:47","slug":"pgd-cajnarje","status":"publish","type":"page","link":"https:\/\/gzcerknica.si\/?page_id=69","title":{"rendered":"PGD Cajnarje"},"content":{"rendered":"\n<div class=\"wp-block-group is-vertical is-layout-flex wp-container-core-group-is-layout-8cf370e7 wp-block-group-is-layout-flex\">\n<p><strong>PGD Cajnarje<\/strong><\/p>\n\n\n\n<p>Dru\u0161tvo I. kategorije, ustanovljeno leta 1977 in pokriva naslednja naselja:&nbsp;Cajnarje,&nbsp;Be\u010daje,&nbsp;Gora,&nbsp;Hru\u0161karje, Hribljane,&nbsp;Kremenca,&nbsp;Kru\u0161\u010de,&nbsp;Milava,&nbsp;Pirmane,&nbsp;Ponikve,&nbsp;Slugovo,&nbsp;Reparje,&nbsp;\u0160\u010durkovo in \u0160trukljeva vas.<\/p>\n<\/div>\n\n\n<div class=\"wp-block-image\">\n<figure class=\"aligncenter size-large is-resized\"><a href=\"https:\/\/gzcerknica.si\/wp-content\/uploads\/2024\/11\/image-2.png\"><img loading=\"lazy\" decoding=\"async\" width=\"1024\" height=\"751\" src=\"https:\/\/gzcerknica.si\/wp-content\/uploads\/2024\/11\/image-2-1024x751.png\" alt=\"\" class=\"wp-image-306\" style=\"width:631px;height:auto\" srcset=\"https:\/\/gzcerknica.si\/wp-content\/uploads\/2024\/11\/image-2-1024x751.png 1024w, https:\/\/gzcerknica.si\/wp-content\/uploads\/2024\/11\/image-2-300x220.png 300w, https:\/\/gzcerknica.si\/wp-content\/uploads\/2024\/11\/image-2-768x563.png 768w, https:\/\/gzcerknica.si\/wp-content\/uploads\/2024\/11\/image-2.png 1080w\" sizes=\"auto, (max-width: 1024px) 100vw, 1024px\" \/><\/a><figcaption class=\"wp-element-caption\"><em>gasilski dom Cajnarje<\/em><\/figcaption><\/figure>\n<\/div>\n\n\n<div class=\"wp-block-group is-vertical is-layout-flex wp-container-core-group-is-layout-8cf370e7 wp-block-group-is-layout-flex\">\n<p><strong><strong>Prostovoljno gasilsko dru\u0161tvo<\/strong> Cajnarje<\/strong><\/p>\n\n\n\n<p>Hru\u0161karje 16<\/p>\n\n\n\n<p>1380 Cerknica<\/p>\n<\/div>\n\n\n\n<div class=\"wp-block-group is-vertical is-layout-flex wp-container-core-group-is-layout-8cf370e7 wp-block-group-is-layout-flex\"><\/div>\n\n\n\n<p><\/p>\n\n\n\n<div class=\"wp-block-group is-vertical is-layout-flex wp-container-core-group-is-layout-8cf370e7 wp-block-group-is-layout-flex\">\n<p>spletna stran:&nbsp;<a href=\"https:\/\/www.facebook.com\/pgd.cajnarje\/?locale=sl_SI\" target=\"_blank\" rel=\"noreferrer noopener\">Facebook<\/a> <\/p>\n\n\n\n<p>po\u0161ta:&nbsp;<a href=\"mailto:ludvik.stritof@gmail.com\" target=\"_blank\" rel=\"noreferrer noopener\">ludvik.stritof@gmail.com<\/a><\/p>\n<\/div>\n\n\n\n<p><\/p>\n\n\n\n<p>predsednik:&nbsp;<strong>Ludvik \u0160tritof<\/strong><br>poveljnik:&nbsp;<strong>Primo\u017e Tekavec<\/strong><\/p>\n\n\n<div class=\"wp-block-image\">\n<figure class=\"aligncenter size-full is-resized\"><img loading=\"lazy\" decoding=\"async\" width=\"1000\" height=\"699\" src=\"https:\/\/gzcerknica.si\/wp-content\/uploads\/2024\/11\/image-1-1.png\" alt=\"\" class=\"wp-image-307\" style=\"width:578px;height:auto\" srcset=\"https:\/\/gzcerknica.si\/wp-content\/uploads\/2024\/11\/image-1-1.png 1000w, https:\/\/gzcerknica.si\/wp-content\/uploads\/2024\/11\/image-1-1-300x210.png 300w, https:\/\/gzcerknica.si\/wp-content\/uploads\/2024\/11\/image-1-1-768x537.png 768w\" sizes=\"auto, (max-width: 1000px) 100vw, 1000px\" \/><figcaption class=\"wp-element-caption\"><em>GVV-1 <\/em><\/figcaption><\/figure>\n<\/div>","protected":false},"excerpt":{"rendered":"<p>PGD Cajnarje Dru\u0161tvo I. kategorije, ustanovljeno leta 1977 in pokriva naslednja naselja:&nbsp;Cajnarje,&nbsp;Be\u010daje,&nbsp;Gora,&nbsp;Hru\u0161karje, Hribljane,&nbsp;Kremenca,&nbsp;Kru\u0161\u010de,&nbsp;Milava,&nbsp;Pirmane,&nbsp;Ponikve,&nbsp;Slugovo,&nbsp;Reparje,&nbsp;\u0160\u010durkovo in \u0160trukljeva vas. Prostovoljno gasilsko dru\u0161tvo Cajnarje Hru\u0161karje 16 1380 Cerknica spletna stran:&nbsp;Facebook po\u0161ta:&nbsp;ludvik.stritof@gmail.com predsednik:&nbsp;Ludvik \u0160tritofpoveljnik:&nbsp;Primo\u017e Tekavec<\/p>\n","protected":false},"author":3,"featured_media":0,"parent":52,"menu_order":0,"comment_status":"closed","ping_status":"closed","template":"","meta":{"footnotes":""},"class_list":["post-69","page","type-page","status-publish","hentry"],"_links":{"self":[{"href":"https:\/\/gzcerknica.si\/index.php?rest_route=\/wp\/v2\/pages\/69","targetHints":{"allow":["GET"]}}],"collection":[{"href":"https:\/\/gzcerknica.si\/index.php?rest_route=\/wp\/v2\/pages"}],"about":[{"href":"https:\/\/gzcerknica.si\/index.php?rest_route=\/wp\/v2\/types\/page"}],"author":[{"embeddable":true,"href":"https:\/\/gzcerknica.si\/index.php?rest_route=\/wp\/v2\/users\/3"}],"replies":[{"embeddable":true,"href":"https:\/\/gzcerknica.si\/index.php?rest_route=%2Fwp%2Fv2%2Fcomments&post=69"}],"version-history":[{"count":4,"href":"https:\/\/gzcerknica.si\/index.php?rest_route=\/wp\/v2\/pages\/69\/revisions"}],"predecessor-version":[{"id":460,"href":"https:\/\/gzcerknica.si\/index.php?rest_route=\/wp\/v2\/pages\/69\/revisions\/460"}],"up":[{"embeddable":true,"href":"https:\/\/gzcerknica.si\/index.php?rest_route=\/wp\/v2\/pages\/52"}],"wp:attachment":[{"href":"https:\/\/gzcerknica.si\/index.php?rest_route=%2Fwp%2Fv2%2Fmedia&parent=69"}],"curies":[{"name":"wp","href":"https:\/\/api.w.org\/{rel}","templated":true}]}}