{"id":65,"date":"2024-11-22T08:40:11","date_gmt":"2024-11-22T08:40:11","guid":{"rendered":"https:\/\/gzcerknica.si\/?page_id=65"},"modified":"2024-11-22T09:52:35","modified_gmt":"2024-11-22T09:52:35","slug":"pgd-begunje-pri-cerknici","status":"publish","type":"page","link":"https:\/\/gzcerknica.si\/?page_id=65","title":{"rendered":"PGD Begunje pri Cerknici"},"content":{"rendered":"\n<p><strong>PGD Begunje pri Cerknici<\/strong><br>Dru\u0161tvo II. kategorije, ustanovljeno leta 1922. Osrednje dru\u0161tvo v sektorju Begunje, ki pokriva naslednja naselja: Begunje, Sel\u0161\u010dek, Topol, Podslivnica, Otonica, Mahneti ter Brezje.<\/p>\n\n\n<div class=\"wp-block-image\">\n<figure class=\"aligncenter size-large\"><a href=\"https:\/\/gzcerknica.si\/wp-content\/uploads\/2024\/11\/IMG_6600.jpeg\"><img loading=\"lazy\" decoding=\"async\" width=\"1024\" height=\"768\" src=\"https:\/\/gzcerknica.si\/wp-content\/uploads\/2024\/11\/IMG_6600-1024x768.jpeg\" alt=\"\" class=\"wp-image-159\" style=\"aspect-ratio:16\/9;object-fit:cover\" srcset=\"https:\/\/gzcerknica.si\/wp-content\/uploads\/2024\/11\/IMG_6600-1024x768.jpeg 1024w, https:\/\/gzcerknica.si\/wp-content\/uploads\/2024\/11\/IMG_6600-300x225.jpeg 300w, https:\/\/gzcerknica.si\/wp-content\/uploads\/2024\/11\/IMG_6600-768x576.jpeg 768w\" sizes=\"auto, (max-width: 1024px) 100vw, 1024px\" \/><\/a><figcaption class=\"wp-element-caption\"><em>gasilski dom Begunje<\/em><\/figcaption><\/figure>\n<\/div>\n\n\n<p><strong>Prostovoljno gasilsko dru\u0161tvo Begunje pri Cerknici<\/strong><br>Begunje 25<br>1382 Begunje pri Cerknici<br><br>spletna stran: <a href=\"https:\/\/pgdbegunje.si\/\">pgdbegunje.si<\/a>, <a href=\"https:\/\/www.facebook.com\/groups\/257381640737\" target=\"_blank\" rel=\"noreferrer noopener\">facebook<\/a>, <a href=\"https:\/\/www.instagram.com\/pgdbegunje\/\" target=\"_blank\" rel=\"noreferrer noopener\">instagram<\/a><br>e-po\u0161ta: <a href=\"mailto:pgd.begunje@gmail.com\">pgd.begunje@gmail.com<\/a><br><br>predsednica: <strong>Klara Otoni\u010dar<\/strong><br>poveljnik: <strong>Janez Kranjec<\/strong><\/p>\n\n\n\n<figure class=\"wp-block-gallery aligncenter has-nested-images columns-default is-cropped wp-block-gallery-1 is-layout-flex wp-block-gallery-is-layout-flex\">\n<figure class=\"wp-block-image size-large\"><a href=\"https:\/\/gzcerknica.si\/wp-content\/uploads\/2024\/11\/IMG_6602.jpeg\"><img loading=\"lazy\" decoding=\"async\" width=\"1024\" height=\"768\" data-id=\"165\" src=\"https:\/\/gzcerknica.si\/wp-content\/uploads\/2024\/11\/IMG_6602-1024x768.jpeg\" alt=\"\" class=\"wp-image-165\" srcset=\"https:\/\/gzcerknica.si\/wp-content\/uploads\/2024\/11\/IMG_6602-1024x768.jpeg 1024w, https:\/\/gzcerknica.si\/wp-content\/uploads\/2024\/11\/IMG_6602-300x225.jpeg 300w, https:\/\/gzcerknica.si\/wp-content\/uploads\/2024\/11\/IMG_6602-768x576.jpeg 768w\" sizes=\"auto, (max-width: 1024px) 100vw, 1024px\" \/><\/a><figcaption class=\"wp-element-caption\">GVV-1, letnik 1997<\/figcaption><\/figure>\n\n\n\n<figure class=\"wp-block-image size-large\"><a href=\"https:\/\/gzcerknica.si\/wp-content\/uploads\/2024\/11\/IMG_6603.jpeg\"><img loading=\"lazy\" decoding=\"async\" width=\"1024\" height=\"768\" data-id=\"167\" src=\"https:\/\/gzcerknica.si\/wp-content\/uploads\/2024\/11\/IMG_6603-1024x768.jpeg\" alt=\"\" class=\"wp-image-167\" srcset=\"https:\/\/gzcerknica.si\/wp-content\/uploads\/2024\/11\/IMG_6603-1024x768.jpeg 1024w, https:\/\/gzcerknica.si\/wp-content\/uploads\/2024\/11\/IMG_6603-300x225.jpeg 300w, https:\/\/gzcerknica.si\/wp-content\/uploads\/2024\/11\/IMG_6603-768x576.jpeg 768w\" sizes=\"auto, (max-width: 1024px) 100vw, 1024px\" \/><\/a><figcaption class=\"wp-element-caption\">GVC-16\/25, letnik 2015<\/figcaption><\/figure>\n\n\n\n<figure class=\"wp-block-image size-large\"><a href=\"https:\/\/gzcerknica.si\/wp-content\/uploads\/2024\/11\/IMG_6604.jpeg\"><img loading=\"lazy\" decoding=\"async\" width=\"1024\" height=\"768\" data-id=\"168\" src=\"https:\/\/gzcerknica.si\/wp-content\/uploads\/2024\/11\/IMG_6604-1024x768.jpeg\" alt=\"\" class=\"wp-image-168\" srcset=\"https:\/\/gzcerknica.si\/wp-content\/uploads\/2024\/11\/IMG_6604-1024x768.jpeg 1024w, https:\/\/gzcerknica.si\/wp-content\/uploads\/2024\/11\/IMG_6604-300x225.jpeg 300w, https:\/\/gzcerknica.si\/wp-content\/uploads\/2024\/11\/IMG_6604-768x576.jpeg 768w\" sizes=\"auto, (max-width: 1024px) 100vw, 1024px\" \/><\/a><figcaption class=\"wp-element-caption\">GVM-1, letnik 2023<\/figcaption><\/figure>\n<\/figure>\n\n\n\n<p><\/p>\n","protected":false},"excerpt":{"rendered":"<p>PGD Begunje pri CerkniciDru\u0161tvo II. kategorije, ustanovljeno leta 1922. Osrednje dru\u0161tvo v sektorju Begunje, ki pokriva naslednja naselja: Begunje, Sel\u0161\u010dek, Topol, Podslivnica, Otonica, Mahneti ter Brezje. Prostovoljno gasilsko dru\u0161tvo Begunje pri CerkniciBegunje 251382 Begunje pri Cerknici spletna stran: pgdbegunje.si, facebook, instagrame-po\u0161ta: pgd.begunje@gmail.com predsednica: Klara Otoni\u010darpoveljnik: Janez Kranjec<\/p>\n","protected":false},"author":3,"featured_media":0,"parent":52,"menu_order":0,"comment_status":"closed","ping_status":"closed","template":"","meta":{"footnotes":""},"class_list":["post-65","page","type-page","status-publish","hentry"],"_links":{"self":[{"href":"https:\/\/gzcerknica.si\/index.php?rest_route=\/wp\/v2\/pages\/65","targetHints":{"allow":["GET"]}}],"collection":[{"href":"https:\/\/gzcerknica.si\/index.php?rest_route=\/wp\/v2\/pages"}],"about":[{"href":"https:\/\/gzcerknica.si\/index.php?rest_route=\/wp\/v2\/types\/page"}],"author":[{"embeddable":true,"href":"https:\/\/gzcerknica.si\/index.php?rest_route=\/wp\/v2\/users\/3"}],"replies":[{"embeddable":true,"href":"https:\/\/gzcerknica.si\/index.php?rest_route=%2Fwp%2Fv2%2Fcomments&post=65"}],"version-history":[{"count":14,"href":"https:\/\/gzcerknica.si\/index.php?rest_route=\/wp\/v2\/pages\/65\/revisions"}],"predecessor-version":[{"id":182,"href":"https:\/\/gzcerknica.si\/index.php?rest_route=\/wp\/v2\/pages\/65\/revisions\/182"}],"up":[{"embeddable":true,"href":"https:\/\/gzcerknica.si\/index.php?rest_route=\/wp\/v2\/pages\/52"}],"wp:attachment":[{"href":"https:\/\/gzcerknica.si\/index.php?rest_route=%2Fwp%2Fv2%2Fmedia&parent=65"}],"curies":[{"name":"wp","href":"https:\/\/api.w.org\/{rel}","templated":true}]}}