{"id":54,"date":"2024-11-22T08:26:38","date_gmt":"2024-11-22T08:26:38","guid":{"rendered":"https:\/\/gzcerknica.si\/?page_id=54"},"modified":"2026-01-10T20:04:34","modified_gmt":"2026-01-10T19:04:34","slug":"organi","status":"publish","type":"page","link":"https:\/\/gzcerknica.si\/?page_id=54","title":{"rendered":"Organi upravljanja"},"content":{"rendered":"\n<ul class=\"wp-block-list\">\n<li><strong>Predsednik:<\/strong> Janez Kova\u010di\u010d, <a href=\"mailto:predsednikgzcerknica@gmail.com\">kontakt<\/a><\/li>\n\n\n\n<li><strong>Poveljnik: <\/strong>Klemen Purkart, <a href=\"poveljnikgzcerknica@gmail.com\" data-type=\"link\" data-id=\"poveljnikgzcerknica@gmail.com\">kontakt<\/a>&nbsp;&nbsp;&nbsp;&nbsp;&nbsp;&nbsp;&nbsp;&nbsp;&nbsp;<\/li>\n\n\n\n<li><strong>Tajnica: <\/strong>Lu\u010dka Milavec, <a href=\"gzcerknica@gmail.com\" data-type=\"link\" data-id=\"gzcerknica@gmail.com\">kontakt<\/a><\/li>\n<\/ul>\n\n\n\n<p><\/p>\n\n\n\n<ul class=\"wp-block-list\">\n<li><strong>Namestnik predsednika:<\/strong> Jure Caserman<\/li>\n\n\n\n<li><strong>Namestnica predsednika<\/strong>: Pavla Ponikvar<\/li>\n<\/ul>\n\n\n\n<ul class=\"wp-block-list\">\n<li><strong>Namestnik poveljnika:<\/strong> Miha Modic<\/li>\n<\/ul>\n\n\n\n<p><\/p>\n\n\n\n<ul class=\"wp-block-list\">\n<li><strong>Podpoveljnik<\/strong>: Matev\u017e Lu\u0161trik<\/li>\n\n\n\n<li><strong>Pomo\u010dnik poveljnika za Prvo pomo\u010d:<\/strong> Matev\u017e Lu\u0161trik<\/li>\n\n\n\n<li><strong>Pomo\u010dnik poveljnika za Radijske zveze<\/strong>: Bo\u0161tjan \u017dagar<\/li>\n\n\n\n<li><strong>Pomo\u010dnik poveljnika za Tekmovanja<\/strong>: Franci \u017dnidar\u0161i\u010d<\/li>\n\n\n\n<li><strong>Pomo\u010dnik poveljnika za Izobra\u017eevanje in usposabljanje:<\/strong> Miha Modic<\/li>\n<\/ul>\n\n\n\n<ul class=\"wp-block-list\">\n<li><strong>Ob\u010dinski poveljnik&nbsp;Ob\u010dine Cerknica:<\/strong> Goran Kova\u010devi\u0107<\/li>\n\n\n\n<li><strong>Ob\u010dinski poveljnik&nbsp;Ob\u010dine Bloke:<\/strong> Jo\u017ee Milavec<\/li>\n<\/ul>\n\n\n\n<ul class=\"wp-block-list\">\n<li><strong>Prapor\u0161\u010dak:<\/strong> Miroslav Li\u010den <\/li>\n<\/ul>\n\n\n\n<ul class=\"wp-block-list\">\n<li><strong>\u010castni predsednik:<\/strong> Rajko Intihar<\/li>\n\n\n\n<li><strong>\u010castni poveljnik:<\/strong> Zdravko Novak<\/li>\n\n\n\n<li><strong>\u010castni poveljnik: <\/strong>Janez Milavec<\/li>\n<\/ul>\n\n\n\n<ul class=\"wp-block-list\">\n<li><strong>Komisija za veterane<\/strong>: Ksenija Pre\u017eelj<\/li>\n\n\n\n<li><strong>Komisija za \u010dlanice<\/strong>: Mojca Kova\u010di\u010d<\/li>\n\n\n\n<li><strong>Komisija za mladino<\/strong>: Bo\u0161tjan \u0160vigelj<\/li>\n\n\n\n<li><strong>Komisija za tekmovanja:<\/strong> Franci \u017dnidar\u0161i\u010d<\/li>\n\n\n\n<li><strong>Komisija za izobra\u017eevanje<\/strong>: Miha Modic<\/li>\n\n\n\n<li><strong>Komisija za protokol<\/strong>: Bo\u0161tjan \u017dagar<\/li>\n<\/ul>\n\n\n\n<ul class=\"wp-block-list\">\n<li><strong>Medijski predstavnik:<\/strong> Klara Otoni\u010dar<\/li>\n<\/ul>\n\n\n\n<p><\/p>\n\n\n\n<ul class=\"wp-block-list\">\n<li><strong>\u010clani upravnega odbora: <\/strong><\/li>\n<\/ul>\n\n\n\n<figure class=\"wp-block-table\"><table class=\"has-fixed-layout\"><tbody><tr><td><strong>Priimek<\/strong><\/td><td><strong>Ime<\/strong><\/td><td><strong>PGD<\/strong><\/td><\/tr><tr><td><strong>ANDREJ\u010cI\u010c<\/strong><\/td><td>ANEJ<\/td><td>GORENJE JEZERO<\/td><\/tr><tr><td><strong>BEN\u010cAN<\/strong><\/td><td>JERNEJ<\/td><td>DOLENJA VAS<\/td><\/tr><tr><td><strong>CASERMAN<\/strong><\/td><td>JURE<\/td><td>CERKNICA<\/td><\/tr><tr><td><strong>DROBNI\u010c<\/strong><\/td><td>MATEJ<\/td><td>BLOKE<\/td><\/tr><tr><td><strong>DROLE<\/strong><\/td><td>KLEMEN<\/td><td>RAKEK<\/td><\/tr><tr><td><strong>INTIHAR<\/strong><\/td><td>MOJCA<\/td><td>GRAHOVO<\/td><\/tr><tr><td><strong>KEBE<\/strong><\/td><td>JAN<\/td><td>DOLENJE JEZERO<\/td><\/tr><tr><td><strong>KOVA\u010cI\u010c<\/strong><\/td><td>JANEZ<\/td><td>MARTINJAK<\/td><\/tr><tr><td><strong>KEBE<\/strong><\/td><td>TOMA\u017d<\/td><td>OTAVE<\/td><\/tr><tr><td><strong>KOVA\u010cI\u010c<\/strong><\/td><td>MOJCA<\/td><td>MARTINJAK<\/td><\/tr><tr><td><strong>KR\u017dI\u010c<\/strong><\/td><td>MIHA<\/td><td>BEZULJAK<\/td><\/tr><tr><td><strong>MILAVEC<\/strong><\/td><td>LUCIJA<\/td><td>IVANJE SELO<\/td><\/tr><tr><td><strong>OTONI\u010cAR<\/strong><\/td><td>KLARA<\/td><td>BEGUNJE<\/td><\/tr><tr><td><strong>PRE\u017dELJ<\/strong><\/td><td>KSENIJA<\/td><td>GRAHOVO<\/td><\/tr><tr><td><strong>PURKART<\/strong><\/td><td>JANO\u0160<\/td><td>SVETI VID<\/td><\/tr><tr><td><strong>PURKART<\/strong><\/td><td>KLEMEN<\/td><td>RAKEK<\/td><\/tr><tr><td><strong>RIGLER<\/strong><\/td><td>SIMON<\/td><td>NOVA VAS NA BLOKAH<\/td><\/tr><tr><td><strong>\u0160TRITOF<\/strong><\/td><td>LUDVIK<\/td><td>CAJNARJE<\/td><\/tr><tr><td><strong>\u0160VIGELJ<\/strong><\/td><td>BO\u0160TJAN<\/td><td>BEGUNJE<\/td><\/tr><tr><td><strong>ULE<\/strong><\/td><td>ROK<\/td><td>MARTINJAK<\/td><\/tr><tr><td><strong>URBAS<\/strong><\/td><td>LUKA<\/td><td>UNEC<\/td><\/tr><tr><td><strong>\u017dNIDAR\u0160I\u010c<\/strong><\/td><td>BORIS<\/td><td>\u017dEROVNICA<\/td><\/tr><\/tbody><\/table><\/figure>\n","protected":false},"excerpt":{"rendered":"<p>Priimek Ime PGD ANDREJ\u010cI\u010c ANEJ GORENJE JEZERO BEN\u010cAN JERNEJ DOLENJA VAS CASERMAN JURE CERKNICA DROBNI\u010c MATEJ BLOKE DROLE KLEMEN RAKEK INTIHAR MOJCA GRAHOVO KEBE JAN DOLENJE JEZERO KOVA\u010cI\u010c JANEZ MARTINJAK KEBE TOMA\u017d OTAVE KOVA\u010cI\u010c MOJCA MARTINJAK KR\u017dI\u010c MIHA BEZULJAK MILAVEC LUCIJA IVANJE SELO OTONI\u010cAR KLARA BEGUNJE PRE\u017dELJ KSENIJA GRAHOVO PURKART JANO\u0160 SVETI VID PURKART KLEMEN [&hellip;]<\/p>\n","protected":false},"author":3,"featured_media":0,"parent":12,"menu_order":0,"comment_status":"closed","ping_status":"closed","template":"","meta":{"footnotes":""},"class_list":["post-54","page","type-page","status-publish","hentry"],"_links":{"self":[{"href":"https:\/\/gzcerknica.si\/index.php?rest_route=\/wp\/v2\/pages\/54","targetHints":{"allow":["GET"]}}],"collection":[{"href":"https:\/\/gzcerknica.si\/index.php?rest_route=\/wp\/v2\/pages"}],"about":[{"href":"https:\/\/gzcerknica.si\/index.php?rest_route=\/wp\/v2\/types\/page"}],"author":[{"embeddable":true,"href":"https:\/\/gzcerknica.si\/index.php?rest_route=\/wp\/v2\/users\/3"}],"replies":[{"embeddable":true,"href":"https:\/\/gzcerknica.si\/index.php?rest_route=%2Fwp%2Fv2%2Fcomments&post=54"}],"version-history":[{"count":25,"href":"https:\/\/gzcerknica.si\/index.php?rest_route=\/wp\/v2\/pages\/54\/revisions"}],"predecessor-version":[{"id":2009,"href":"https:\/\/gzcerknica.si\/index.php?rest_route=\/wp\/v2\/pages\/54\/revisions\/2009"}],"up":[{"embeddable":true,"href":"https:\/\/gzcerknica.si\/index.php?rest_route=\/wp\/v2\/pages\/12"}],"wp:attachment":[{"href":"https:\/\/gzcerknica.si\/index.php?rest_route=%2Fwp%2Fv2%2Fmedia&parent=54"}],"curies":[{"name":"wp","href":"https:\/\/api.w.org\/{rel}","templated":true}]}}