{"id":50,"date":"2024-11-22T08:24:26","date_gmt":"2024-11-22T08:24:26","guid":{"rendered":"https:\/\/gzcerknica.si\/?page_id=50"},"modified":"2024-11-27T19:21:47","modified_gmt":"2024-11-27T19:21:47","slug":"komisija-za-mladino","status":"publish","type":"page","link":"https:\/\/gzcerknica.si\/?page_id=50","title":{"rendered":"Komisija za mladino"},"content":{"rendered":"\n<p><\/p>\n\n\n\n<p>Komisija za mladino pri gasilcih se osredoto\u010da na delo z mladimi gasilci, kar vklju\u010duje razli\u010dne dejavnosti, ki spodbujajo njihovo osebno rast, pridobivanje znanja in ve\u0161\u010din ter pripravo na tekmovanja in gasilske naloge. Naloge komisije za mladino pri gasilcih vklju\u010dujejo: organizacija in izvedba tekmovanj, priprava testov in ocenjevanje. <\/p>\n\n\n\n<figure class=\"wp-block-table\"><table class=\"has-fixed-layout\"><tbody><tr><td><strong>\u010clani<\/strong><\/td><td><strong>email naslov<\/strong><\/td><td><strong>&nbsp;funkcija<\/strong><\/td><td><strong>dru\u0161tvo<\/strong><\/td><\/tr><tr><td>Bo\u0161tjan \u0160vigelj<\/td><td><a href=\"svigelj.bostjan@gmail.com\" data-type=\"link\" data-id=\"svigelj.bostjan@gmail.com\">svigelj.bostjan@gmail.com <\/a><\/td><td>predsednik<\/td><td>PGD Begunje<\/td><\/tr><tr><td>Taja Tom\u0161i\u010d<\/td><td><\/td><td>namestnica<\/td><td>PGD Rakek<\/td><\/tr><\/tbody><\/table><\/figure>\n\n\n<div class=\"wp-block-image\">\n<figure class=\"aligncenter size-large is-resized\"><a href=\"https:\/\/gzcerknica.si\/wp-content\/uploads\/2024\/11\/unnamed-7.jpg\"><img loading=\"lazy\" decoding=\"async\" width=\"768\" height=\"1024\" src=\"https:\/\/gzcerknica.si\/wp-content\/uploads\/2024\/11\/unnamed-7-768x1024.jpg\" alt=\"\" class=\"wp-image-332\" style=\"width:403px;height:auto\" srcset=\"https:\/\/gzcerknica.si\/wp-content\/uploads\/2024\/11\/unnamed-7-768x1024.jpg 768w, https:\/\/gzcerknica.si\/wp-content\/uploads\/2024\/11\/unnamed-7-225x300.jpg 225w, https:\/\/gzcerknica.si\/wp-content\/uploads\/2024\/11\/unnamed-7-1152x1536.jpg 1152w, https:\/\/gzcerknica.si\/wp-content\/uploads\/2024\/11\/unnamed-7.jpg 1536w\" sizes=\"auto, (max-width: 768px) 100vw, 768px\" \/><\/a><\/figure>\n<\/div>","protected":false},"excerpt":{"rendered":"<p>Komisija za mladino pri gasilcih se osredoto\u010da na delo z mladimi gasilci, kar vklju\u010duje razli\u010dne dejavnosti, ki spodbujajo njihovo osebno rast, pridobivanje znanja in ve\u0161\u010din ter pripravo na tekmovanja in gasilske naloge. Naloge komisije za mladino pri gasilcih vklju\u010dujejo: organizacija in izvedba tekmovanj, priprava testov in ocenjevanje. \u010clani email naslov &nbsp;funkcija dru\u0161tvo Bo\u0161tjan \u0160vigelj svigelj.bostjan@gmail.com [&hellip;]<\/p>\n","protected":false},"author":3,"featured_media":0,"parent":12,"menu_order":0,"comment_status":"closed","ping_status":"closed","template":"","meta":{"footnotes":""},"class_list":["post-50","page","type-page","status-publish","hentry"],"_links":{"self":[{"href":"https:\/\/gzcerknica.si\/index.php?rest_route=\/wp\/v2\/pages\/50","targetHints":{"allow":["GET"]}}],"collection":[{"href":"https:\/\/gzcerknica.si\/index.php?rest_route=\/wp\/v2\/pages"}],"about":[{"href":"https:\/\/gzcerknica.si\/index.php?rest_route=\/wp\/v2\/types\/page"}],"author":[{"embeddable":true,"href":"https:\/\/gzcerknica.si\/index.php?rest_route=\/wp\/v2\/users\/3"}],"replies":[{"embeddable":true,"href":"https:\/\/gzcerknica.si\/index.php?rest_route=%2Fwp%2Fv2%2Fcomments&post=50"}],"version-history":[{"count":3,"href":"https:\/\/gzcerknica.si\/index.php?rest_route=\/wp\/v2\/pages\/50\/revisions"}],"predecessor-version":[{"id":333,"href":"https:\/\/gzcerknica.si\/index.php?rest_route=\/wp\/v2\/pages\/50\/revisions\/333"}],"up":[{"embeddable":true,"href":"https:\/\/gzcerknica.si\/index.php?rest_route=\/wp\/v2\/pages\/12"}],"wp:attachment":[{"href":"https:\/\/gzcerknica.si\/index.php?rest_route=%2Fwp%2Fv2%2Fmedia&parent=50"}],"curies":[{"name":"wp","href":"https:\/\/api.w.org\/{rel}","templated":true}]}}