{"id":488,"date":"2024-12-14T18:46:48","date_gmt":"2024-12-14T18:46:48","guid":{"rendered":"https:\/\/gzcerknica.si\/?page_id=488"},"modified":"2024-12-14T18:49:03","modified_gmt":"2024-12-14T18:49:03","slug":"komisija-za-protokol","status":"publish","type":"page","link":"https:\/\/gzcerknica.si\/?page_id=488","title":{"rendered":"Komisija za protokol"},"content":{"rendered":"\n<div class=\"wp-block-group is-vertical is-layout-flex wp-container-core-group-is-layout-8cf370e7 wp-block-group-is-layout-flex\">\n<ul class=\"wp-block-list\">\n<li><strong>Priprava in organizacija protokolarnih dogodkov<\/strong>: Komisija skrbi za protokolarno urejanje razli\u010dnih dogodkov, kot so slovesnosti, podelitve priznanj, obletnice, gasilske parade, otvoritve novih objektov in druge pomembne prireditve. Poskrbijo, da so vsi vidiki dogodka usklajeni z uradnimi normami, da potekajo gladko in v skladu z obi\u010daji.<\/li>\n<\/ul>\n\n\n\n<ul class=\"wp-block-list\">\n<li><strong>Skrb za uradne obrede<\/strong>: Pri organizaciji gasilskih slovesnosti in obredov (kot so pokopi, spominske slovesnosti ipd.) komisija poskrbi za ustrezno izvedbo, usklajenost z obi\u010daji in tradicijami ter spo\u0161tovanje ustreznih protokolov.<\/li>\n<\/ul>\n\n\n\n<ul class=\"wp-block-list\">\n<li>\u00a0<strong>Usmerjanje udele\u017eencev<\/strong>: Komisija za protokol zagotovi, da so vsi udele\u017eenci dogodkov ustrezno pozicionirani, da se spo\u0161tujejo hierarhija in red, ter da je celotna izvedba usklajena z gasilskimi in dr\u017eavnim predpisi.<\/li>\n<\/ul>\n\n\n\n<ul class=\"wp-block-list\">\n<li><strong>Usklajevanje z drugimi organizacijami<\/strong>: Komisija sodeluje z drugimi institucijami, kot so ob\u010dinske oblasti, policija, vojska in druge nevladne organizacije, ko so vpletene v gasilske prireditve, ter zagotovi usklajenost pri organizaciji in izvedbi dogodkov.<\/li>\n<\/ul>\n\n\n\n<ul class=\"wp-block-list\">\n<li><strong>Zagotavljanje skladnosti z gasilskim pravilnikom<\/strong>: Komisija za protokol skrbi, da se na vseh prireditvah upo\u0161tevajo pravila in smernice, ki veljajo v gasilskih vrstah, ter da so prisotni v uniformah, ki so skladne z uradnim protokolom.\u00a0<\/li>\n<\/ul>\n\n\n\n<figure class=\"wp-block-table\"><table class=\"has-fixed-layout\"><tbody><tr><td><strong>\u010clani<\/strong><\/td><td><strong>email naslov<\/strong><\/td><td><strong>&nbsp;funkcija<\/strong><\/td><td><strong>dru\u0161tvo<\/strong><\/td><\/tr><tr><td>Bo\u0161tjan \u017dagar<\/td><td><a href=\"mailto:bosszagar@gmail.com\">bosszagar@gmail.com<\/a> <\/td><td>predsednik<\/td><td>PGD Nova vas na Blokah<\/td><\/tr><tr><td>Matej Drobni\u010d<\/td><td><a href=\"mailto:drobnicmatej@gmail.com\">drobnicmatej@gmail.com<\/a><\/td><td>namestnik<\/td><td>PGD Velike Bloke<\/td><\/tr><tr><td>Klara Otoni\u010dar<\/td><td><a href=\"mailto:klaraotonicar@gmail.com\">klaraotonicar@gmail.com<\/a><\/td><td>namestnica<\/td><td>PGD Begunje<\/td><\/tr><\/tbody><\/table><\/figure>\n<\/div>\n","protected":false},"excerpt":{"rendered":"<p>\u010clani email naslov &nbsp;funkcija dru\u0161tvo Bo\u0161tjan \u017dagar bosszagar@gmail.com predsednik PGD Nova vas na Blokah Matej Drobni\u010d drobnicmatej@gmail.com namestnik PGD Velike Bloke Klara Otoni\u010dar klaraotonicar@gmail.com namestnica PGD Begunje<\/p>\n","protected":false},"author":2,"featured_media":0,"parent":12,"menu_order":0,"comment_status":"closed","ping_status":"closed","template":"","meta":{"footnotes":""},"class_list":["post-488","page","type-page","status-publish","hentry"],"_links":{"self":[{"href":"https:\/\/gzcerknica.si\/index.php?rest_route=\/wp\/v2\/pages\/488","targetHints":{"allow":["GET"]}}],"collection":[{"href":"https:\/\/gzcerknica.si\/index.php?rest_route=\/wp\/v2\/pages"}],"about":[{"href":"https:\/\/gzcerknica.si\/index.php?rest_route=\/wp\/v2\/types\/page"}],"author":[{"embeddable":true,"href":"https:\/\/gzcerknica.si\/index.php?rest_route=\/wp\/v2\/users\/2"}],"replies":[{"embeddable":true,"href":"https:\/\/gzcerknica.si\/index.php?rest_route=%2Fwp%2Fv2%2Fcomments&post=488"}],"version-history":[{"count":2,"href":"https:\/\/gzcerknica.si\/index.php?rest_route=\/wp\/v2\/pages\/488\/revisions"}],"predecessor-version":[{"id":490,"href":"https:\/\/gzcerknica.si\/index.php?rest_route=\/wp\/v2\/pages\/488\/revisions\/490"}],"up":[{"embeddable":true,"href":"https:\/\/gzcerknica.si\/index.php?rest_route=\/wp\/v2\/pages\/12"}],"wp:attachment":[{"href":"https:\/\/gzcerknica.si\/index.php?rest_route=%2Fwp%2Fv2%2Fmedia&parent=488"}],"curies":[{"name":"wp","href":"https:\/\/api.w.org\/{rel}","templated":true}]}}