{"id":46,"date":"2024-11-22T08:23:28","date_gmt":"2024-11-22T08:23:28","guid":{"rendered":"https:\/\/gzcerknica.si\/?page_id=46"},"modified":"2024-11-27T18:44:37","modified_gmt":"2024-11-27T18:44:37","slug":"komisija-za-veterane","status":"publish","type":"page","link":"https:\/\/gzcerknica.si\/?page_id=46","title":{"rendered":"Komisija za veterane"},"content":{"rendered":"\n<p><\/p>\n\n\n\n<figure class=\"wp-block-table\"><table class=\"has-fixed-layout\"><tbody><tr><td><strong>\u010clani<\/strong><\/td><td><strong>email naslov<\/strong><\/td><td><strong>&nbsp;funkcija<\/strong><\/td><td><strong>dru\u0161tvo<\/strong><\/td><\/tr><tr><td>Ksenija Pre\u017eelj<\/td><td><a href=\"mailto:ksenija.prezelj@siol.net\">ksenija.prezelj@siol.net<\/a>  <\/td><td>predsednica<\/td><td>PGD Grahovo<\/td><\/tr><tr><td>Zdravko Novak<\/td><td><\/td><td>namestnik<\/td><td>PGD Grahovo<\/td><\/tr><\/tbody><\/table><\/figure>\n\n\n\n<p><\/p>\n\n\n\n<p>Naloge komisije za veterane: <\/p>\n\n\n\n<ul class=\"wp-block-list\">\n<li>sprejema letni program dela komisije,<\/li>\n<\/ul>\n\n\n\n<ul class=\"wp-block-list\">\n<li>sklicuje seje komisije 2 krat letno oziroma po potrebi,<\/li>\n<\/ul>\n\n\n\n<ul class=\"wp-block-list\">\n<li>spodbuja veterane k delu PGD,<\/li>\n<\/ul>\n\n\n\n<ul class=\"wp-block-list\">\n<li>organizira dru\u017eabno \u017eivljenje \/ sre\u010danja in izlete,<\/li>\n<\/ul>\n\n\n\n<ul class=\"wp-block-list\">\n<li>vzpodbuja sodelovanje veteranov pri gasilskih tekmovanjih,<\/li>\n<\/ul>\n\n\n\n<ul class=\"wp-block-list\">\n<li>vzpodbujamo sodelovanje z drugimi PGD,<\/li>\n<\/ul>\n\n\n\n<ul class=\"wp-block-list\">\n<li>sodelujemo pri delu \/ nalogah dru\u0161tva. <\/li>\n<\/ul>\n\n\n\n<figure class=\"wp-block-image size-large\"><a href=\"https:\/\/gzcerknica.si\/wp-content\/uploads\/2024\/11\/skupna-1.jpg\"><img loading=\"lazy\" decoding=\"async\" width=\"1024\" height=\"461\" src=\"https:\/\/gzcerknica.si\/wp-content\/uploads\/2024\/11\/skupna-1-1024x461.jpg\" alt=\"\" class=\"wp-image-318\" srcset=\"https:\/\/gzcerknica.si\/wp-content\/uploads\/2024\/11\/skupna-1-1024x461.jpg 1024w, https:\/\/gzcerknica.si\/wp-content\/uploads\/2024\/11\/skupna-1-300x135.jpg 300w, https:\/\/gzcerknica.si\/wp-content\/uploads\/2024\/11\/skupna-1-768x346.jpg 768w, https:\/\/gzcerknica.si\/wp-content\/uploads\/2024\/11\/skupna-1-1536x691.jpg 1536w, https:\/\/gzcerknica.si\/wp-content\/uploads\/2024\/11\/skupna-1.jpg 2000w\" sizes=\"auto, (max-width: 1024px) 100vw, 1024px\" \/><\/a><\/figure>\n","protected":false},"excerpt":{"rendered":"<p>\u010clani email naslov &nbsp;funkcija dru\u0161tvo Ksenija Pre\u017eelj ksenija.prezelj@siol.net predsednica PGD Grahovo Zdravko Novak namestnik PGD Grahovo Naloge komisije za veterane:<\/p>\n","protected":false},"author":3,"featured_media":0,"parent":12,"menu_order":0,"comment_status":"closed","ping_status":"closed","template":"","meta":{"footnotes":""},"class_list":["post-46","page","type-page","status-publish","hentry"],"_links":{"self":[{"href":"https:\/\/gzcerknica.si\/index.php?rest_route=\/wp\/v2\/pages\/46","targetHints":{"allow":["GET"]}}],"collection":[{"href":"https:\/\/gzcerknica.si\/index.php?rest_route=\/wp\/v2\/pages"}],"about":[{"href":"https:\/\/gzcerknica.si\/index.php?rest_route=\/wp\/v2\/types\/page"}],"author":[{"embeddable":true,"href":"https:\/\/gzcerknica.si\/index.php?rest_route=\/wp\/v2\/users\/3"}],"replies":[{"embeddable":true,"href":"https:\/\/gzcerknica.si\/index.php?rest_route=%2Fwp%2Fv2%2Fcomments&post=46"}],"version-history":[{"count":3,"href":"https:\/\/gzcerknica.si\/index.php?rest_route=\/wp\/v2\/pages\/46\/revisions"}],"predecessor-version":[{"id":319,"href":"https:\/\/gzcerknica.si\/index.php?rest_route=\/wp\/v2\/pages\/46\/revisions\/319"}],"up":[{"embeddable":true,"href":"https:\/\/gzcerknica.si\/index.php?rest_route=\/wp\/v2\/pages\/12"}],"wp:attachment":[{"href":"https:\/\/gzcerknica.si\/index.php?rest_route=%2Fwp%2Fv2%2Fmedia&parent=46"}],"curies":[{"name":"wp","href":"https:\/\/api.w.org\/{rel}","templated":true}]}}