{"id":256,"date":"2024-11-24T16:24:12","date_gmt":"2024-11-24T16:24:12","guid":{"rendered":"https:\/\/gzcerknica.si\/?page_id=256"},"modified":"2024-11-24T16:24:12","modified_gmt":"2024-11-24T16:24:12","slug":"komisija-za-izobrazevanje","status":"publish","type":"page","link":"https:\/\/gzcerknica.si\/?page_id=256","title":{"rendered":"Komisija za izobra\u017eevanje"},"content":{"rendered":"\n<p>Komisija za izobra\u017eevanja je zadol\u017eena za organizacijo in koordinacijo izobra\u017eevanj na nivoju gasilske zveze ter nudi strokovno podporo in pomo\u010d pri izobra\u017eevanjih v gasilskih dru\u0161tvih.<\/p>\n\n\n\n<p>Na\u0161 glavni cilj je kvalitetno usposabljanje operativnih gasilcev za posredovanje na intervencijah v na\u0161i gasilski zvezi in izven nje.<\/p>\n\n\n\n<figure class=\"wp-block-table\"><table class=\"has-fixed-layout\"><tbody><tr><td><strong>\u010clani<\/strong><\/td><td><strong>email naslov<\/strong><\/td><td><strong>\u00a0funkcija<\/strong><\/td><td><strong>dru\u0161tvo<\/strong><\/td><\/tr><tr><td>Miha Modic<\/td><td><a href=\"miha.modic@unc.si\" data-type=\"link\" data-id=\"miha.modic@unc.si\">miha.modic@unc.si <\/a><\/td><td>predsednik<\/td><td>PGD Rakek<\/td><\/tr><tr><td>Jo\u017ee \u0160lajnar<\/td><td><a href=\"mailto:joze.slajnar@gmail.com\">joze.slajnar@gmail.com<\/a><\/td><td>namestnik<\/td><td>PGD Unec<\/td><\/tr><tr><td>Matic Zalar<\/td><td><a href=\"mailto:zalar.matic@gmail.com\">zalar.matic@gmail.com<\/a><\/td><td>namestnik<\/td><td>PGD Cerknica<\/td><\/tr><\/tbody><\/table><\/figure>\n\n\n\n<figure class=\"wp-block-image size-large is-resized\"><img loading=\"lazy\" decoding=\"async\" width=\"1024\" height=\"768\" src=\"https:\/\/gzcerknica.si\/wp-content\/uploads\/2024\/11\/Messenger_creation_216D7F5D-9FE0-4C4A-A665-C95C8168C37E-1024x768.jpeg\" alt=\"\" class=\"wp-image-257\" style=\"width:516px;height:auto\" srcset=\"https:\/\/gzcerknica.si\/wp-content\/uploads\/2024\/11\/Messenger_creation_216D7F5D-9FE0-4C4A-A665-C95C8168C37E-1024x768.jpeg 1024w, https:\/\/gzcerknica.si\/wp-content\/uploads\/2024\/11\/Messenger_creation_216D7F5D-9FE0-4C4A-A665-C95C8168C37E-300x225.jpeg 300w, https:\/\/gzcerknica.si\/wp-content\/uploads\/2024\/11\/Messenger_creation_216D7F5D-9FE0-4C4A-A665-C95C8168C37E-768x576.jpeg 768w, https:\/\/gzcerknica.si\/wp-content\/uploads\/2024\/11\/Messenger_creation_216D7F5D-9FE0-4C4A-A665-C95C8168C37E-1536x1152.jpeg 1536w, https:\/\/gzcerknica.si\/wp-content\/uploads\/2024\/11\/Messenger_creation_216D7F5D-9FE0-4C4A-A665-C95C8168C37E.jpeg 2048w\" sizes=\"auto, (max-width: 1024px) 100vw, 1024px\" \/><\/figure>\n\n\n\n<p><\/p>\n","protected":false},"excerpt":{"rendered":"<p>Komisija za izobra\u017eevanja je zadol\u017eena za organizacijo in koordinacijo izobra\u017eevanj na nivoju gasilske zveze ter nudi strokovno podporo in pomo\u010d pri izobra\u017eevanjih v gasilskih dru\u0161tvih. Na\u0161 glavni cilj je kvalitetno usposabljanje operativnih gasilcev za posredovanje na intervencijah v na\u0161i gasilski zvezi in izven nje. \u010clani email naslov \u00a0funkcija dru\u0161tvo Miha Modic miha.modic@unc.si predsednik PGD Rakek [&hellip;]<\/p>\n","protected":false},"author":2,"featured_media":0,"parent":12,"menu_order":0,"comment_status":"closed","ping_status":"closed","template":"","meta":{"footnotes":""},"class_list":["post-256","page","type-page","status-publish","hentry"],"_links":{"self":[{"href":"https:\/\/gzcerknica.si\/index.php?rest_route=\/wp\/v2\/pages\/256","targetHints":{"allow":["GET"]}}],"collection":[{"href":"https:\/\/gzcerknica.si\/index.php?rest_route=\/wp\/v2\/pages"}],"about":[{"href":"https:\/\/gzcerknica.si\/index.php?rest_route=\/wp\/v2\/types\/page"}],"author":[{"embeddable":true,"href":"https:\/\/gzcerknica.si\/index.php?rest_route=\/wp\/v2\/users\/2"}],"replies":[{"embeddable":true,"href":"https:\/\/gzcerknica.si\/index.php?rest_route=%2Fwp%2Fv2%2Fcomments&post=256"}],"version-history":[{"count":1,"href":"https:\/\/gzcerknica.si\/index.php?rest_route=\/wp\/v2\/pages\/256\/revisions"}],"predecessor-version":[{"id":258,"href":"https:\/\/gzcerknica.si\/index.php?rest_route=\/wp\/v2\/pages\/256\/revisions\/258"}],"up":[{"embeddable":true,"href":"https:\/\/gzcerknica.si\/index.php?rest_route=\/wp\/v2\/pages\/12"}],"wp:attachment":[{"href":"https:\/\/gzcerknica.si\/index.php?rest_route=%2Fwp%2Fv2%2Fmedia&parent=256"}],"curies":[{"name":"wp","href":"https:\/\/api.w.org\/{rel}","templated":true}]}}