{"id":251,"date":"2024-11-24T16:16:27","date_gmt":"2024-11-24T16:16:27","guid":{"rendered":"https:\/\/gzcerknica.si\/?page_id=251"},"modified":"2024-11-24T16:16:27","modified_gmt":"2024-11-24T16:16:27","slug":"komisija-za-tekmovanja","status":"publish","type":"page","link":"https:\/\/gzcerknica.si\/?page_id=251","title":{"rendered":"Komisija za tekmovanja"},"content":{"rendered":"\n<p>Komisija za tekmovanja je bila ustanovljena z namenom raz\u010dlenitve dela pomo\u010dnika poveljnika GZ za tekmovanja. To podro\u010dje je zelo obse\u017eno in s tem namenom se je sestavila ekipa katera skrbi za slede\u010de zadeve:<\/p>\n\n\n\n<ul class=\"wp-block-list\">\n<li>Zadol\u017eena za vsa zvezna tekmovanja katera so organizirana v GZC<\/li>\n\n\n\n<li>Pomaga pri organizaciji gasilskih tekmovanj<\/li>\n\n\n\n<li>Zadol\u017eena za posvete, dru\u017eenja gasilskih sodnikov<\/li>\n\n\n\n<li>Zadol\u017eena za nabor kadra gasilskih sodnikov<\/li>\n\n\n\n<li>Zadol\u017eena za izobra\u017eenje&nbsp; kadra kateri bo prevzel delo v slede\u010dih mandatih<\/li>\n\n\n\n<li>Naziv gasilski sodnik predstaviti \u0161ir\u0161i gasilski okolici<\/li>\n\n\n\n<li>Zadol\u017eena za status gasilskega sodnika<\/li>\n<\/ul>\n\n\n\n<figure class=\"wp-block-table aligncenter\"><table class=\"has-fixed-layout\"><tbody><tr><td><strong>\u010dlani<\/strong><\/td><td><strong>email naslov<\/strong><\/td><td><strong>funkcija<\/strong><\/td><td><strong>dru\u0161tvo<\/strong><\/td><\/tr><tr><td><strong>Franci \u017dnidar\u0161i\u010d<\/strong><\/td><td><a href=\"mailto:frenk.znidarsic@gmail.com\">frenk.znidarsic@gmail.com<\/a><\/td><td>Predsednik vulkan\/ocenjevalni listi<\/td><td>\u017derovnica<\/td><\/tr><tr><td><strong>Bo\u0161tjan \u0160vigelj<\/strong><\/td><td><a href=\"mailto:svigelj.bostjan@gmail.com\" target=\"_blank\" rel=\"noreferrer noopener\">svigelj.bostjan@gmail.com<\/a><\/td><td>\u010clan vulkan\/ocenjevalni listi<\/td><td>Begunje<\/td><\/tr><tr><td><strong>Jo\u017ee Milavec<\/strong><\/td><td><a href=\"jozemilavec@gmail.com\">jozemilavec@gmail.com<\/a><\/td><td>\u010clan (\u010dasovnice)<\/td><td>Nova vas<\/td><\/tr><tr><td><strong>Milo\u0161 Kogej<\/strong><\/td><td><a href=\"kogejmilos@gmail.com\">kogejmilos@gmail.com<\/a><\/td><td>\u010clan (odlo\u010dbe za gasilske sodnike)<\/td><td>Nova vas<\/td><\/tr><tr><td><strong>Marko Meden<\/strong><\/td><td><a href=\"mailto:meden.marko@gmail.com\">meden.marko@gmail.com<\/a><\/td><td>\u010clan (\u010dasovnice)<\/td><td>Dolenja vas<\/td><\/tr><\/tbody><\/table><\/figure>\n","protected":false},"excerpt":{"rendered":"<p>Komisija za tekmovanja je bila ustanovljena z namenom raz\u010dlenitve dela pomo\u010dnika poveljnika GZ za tekmovanja. To podro\u010dje je zelo obse\u017eno in s tem namenom se je sestavila ekipa katera skrbi za slede\u010de zadeve: \u010dlani email naslov funkcija dru\u0161tvo Franci \u017dnidar\u0161i\u010d frenk.znidarsic@gmail.com Predsednik vulkan\/ocenjevalni listi \u017derovnica Bo\u0161tjan \u0160vigelj svigelj.bostjan@gmail.com \u010clan vulkan\/ocenjevalni listi Begunje Jo\u017ee Milavec jozemilavec@gmail.com [&hellip;]<\/p>\n","protected":false},"author":2,"featured_media":0,"parent":12,"menu_order":0,"comment_status":"closed","ping_status":"closed","template":"","meta":{"footnotes":""},"class_list":["post-251","page","type-page","status-publish","hentry"],"_links":{"self":[{"href":"https:\/\/gzcerknica.si\/index.php?rest_route=\/wp\/v2\/pages\/251","targetHints":{"allow":["GET"]}}],"collection":[{"href":"https:\/\/gzcerknica.si\/index.php?rest_route=\/wp\/v2\/pages"}],"about":[{"href":"https:\/\/gzcerknica.si\/index.php?rest_route=\/wp\/v2\/types\/page"}],"author":[{"embeddable":true,"href":"https:\/\/gzcerknica.si\/index.php?rest_route=\/wp\/v2\/users\/2"}],"replies":[{"embeddable":true,"href":"https:\/\/gzcerknica.si\/index.php?rest_route=%2Fwp%2Fv2%2Fcomments&post=251"}],"version-history":[{"count":2,"href":"https:\/\/gzcerknica.si\/index.php?rest_route=\/wp\/v2\/pages\/251\/revisions"}],"predecessor-version":[{"id":255,"href":"https:\/\/gzcerknica.si\/index.php?rest_route=\/wp\/v2\/pages\/251\/revisions\/255"}],"up":[{"embeddable":true,"href":"https:\/\/gzcerknica.si\/index.php?rest_route=\/wp\/v2\/pages\/12"}],"wp:attachment":[{"href":"https:\/\/gzcerknica.si\/index.php?rest_route=%2Fwp%2Fv2%2Fmedia&parent=251"}],"curies":[{"name":"wp","href":"https:\/\/api.w.org\/{rel}","templated":true}]}}