{"id":2037,"date":"2026-01-23T21:24:54","date_gmt":"2026-01-23T20:24:54","guid":{"rendered":"https:\/\/gzcerknica.si\/?page_id=2037"},"modified":"2026-01-28T08:32:21","modified_gmt":"2026-01-28T07:32:21","slug":"komisija-za-medije","status":"publish","type":"page","link":"https:\/\/gzcerknica.si\/?page_id=2037","title":{"rendered":"Komisija za komuniciranje"},"content":{"rendered":"\n<p>Naloga Komisije za komuniciranje je spremljanje, pokrivanje in poro\u010danje o dogodkih v organizaciji Gasilske zveze Cerknica ter o sektorskih dogodkih. Komisija nudi tudi pomo\u010d pri organizaciji dogodkov. Poleg tega skrbi za urejanje in a\u017eurno posodabljanje spletne strani ter drugih dru\u017ebenih omre\u017eij.<\/p>\n\n\n\n<figure class=\"wp-block-table alignleft\"><table class=\"has-fixed-layout\"><tbody><tr><td><strong>Ime in Priimek<\/strong><\/td><td><strong>email naslov<\/strong><\/td><td><strong>&nbsp;<\/strong><\/td><td><strong>dru\u0161tvo<\/strong><\/td><\/tr><tr><td>Klara Otoni\u010dar<\/td><td>klaraotonicar@gmail.com<\/td><td>predsednica<\/td><td>Sektor Begunje<\/td><\/tr><tr><td>Neja Meden<\/td><td>&nbsp;<\/td><td>namestnica<\/td><td>Sektor Begunje<\/td><\/tr><tr><td>Miha Prudi\u010d<\/td><td>&nbsp;<\/td><td>\u010dlan<\/td><td>Sektor Cerknica<\/td><\/tr><tr><td>Teja Vesel<\/td><td>&nbsp;<\/td><td>namestnica<\/td><td>Sektor Cerknica<\/td><\/tr><tr><td>Ma\u0161a Pelan<\/td><td>&nbsp;<\/td><td>\u010dlanica<\/td><td>Sektor Grahovo<\/td><\/tr><tr><td>Polona Otoni\u010dar Pajk<\/td><td>&nbsp;<\/td><td>namestnica<\/td><td>Sektor Grahovo<\/td><\/tr><tr><td>Tine Krpan<\/td><td>&nbsp;<\/td><td>\u010dlan<\/td><td>Sektor Rakek<\/td><\/tr><tr><td>Nejc Mulec<\/td><td>&nbsp;<\/td><td>namestnik<\/td><td>Sektor Rakek<\/td><\/tr><tr><td>Eva Premrov<\/td><td>&nbsp;<\/td><td>\u010dlanica<\/td><td>Bloke<\/td><\/tr><tr><td>Tomo Bero\u0161<\/td><td>&nbsp;<\/td><td>namestnik<\/td><td>Bloke<\/td><\/tr><\/tbody><\/table><\/figure>\n","protected":false},"excerpt":{"rendered":"<p>Naloga Komisije za komuniciranje je spremljanje, pokrivanje in poro\u010danje o dogodkih v organizaciji Gasilske zveze Cerknica ter o sektorskih dogodkih. Komisija nudi tudi pomo\u010d pri organizaciji dogodkov. Poleg tega skrbi za urejanje in a\u017eurno posodabljanje spletne strani ter drugih dru\u017ebenih omre\u017eij. Ime in Priimek email naslov &nbsp; dru\u0161tvo Klara Otoni\u010dar klaraotonicar@gmail.com predsednica Sektor Begunje Neja [&hellip;]<\/p>\n","protected":false},"author":1,"featured_media":0,"parent":12,"menu_order":0,"comment_status":"closed","ping_status":"closed","template":"","meta":{"footnotes":""},"class_list":["post-2037","page","type-page","status-publish","hentry"],"_links":{"self":[{"href":"https:\/\/gzcerknica.si\/index.php?rest_route=\/wp\/v2\/pages\/2037","targetHints":{"allow":["GET"]}}],"collection":[{"href":"https:\/\/gzcerknica.si\/index.php?rest_route=\/wp\/v2\/pages"}],"about":[{"href":"https:\/\/gzcerknica.si\/index.php?rest_route=\/wp\/v2\/types\/page"}],"author":[{"embeddable":true,"href":"https:\/\/gzcerknica.si\/index.php?rest_route=\/wp\/v2\/users\/1"}],"replies":[{"embeddable":true,"href":"https:\/\/gzcerknica.si\/index.php?rest_route=%2Fwp%2Fv2%2Fcomments&post=2037"}],"version-history":[{"count":4,"href":"https:\/\/gzcerknica.si\/index.php?rest_route=\/wp\/v2\/pages\/2037\/revisions"}],"predecessor-version":[{"id":2044,"href":"https:\/\/gzcerknica.si\/index.php?rest_route=\/wp\/v2\/pages\/2037\/revisions\/2044"}],"up":[{"embeddable":true,"href":"https:\/\/gzcerknica.si\/index.php?rest_route=\/wp\/v2\/pages\/12"}],"wp:attachment":[{"href":"https:\/\/gzcerknica.si\/index.php?rest_route=%2Fwp%2Fv2%2Fmedia&parent=2037"}],"curies":[{"name":"wp","href":"https:\/\/api.w.org\/{rel}","templated":true}]}}