{"id":154,"date":"2024-11-22T09:08:16","date_gmt":"2024-11-22T09:08:16","guid":{"rendered":"https:\/\/gzcerknica.si\/?page_id=154"},"modified":"2026-04-02T16:55:11","modified_gmt":"2026-04-02T15:55:11","slug":"ostala-gradiva","status":"publish","type":"page","link":"https:\/\/gzcerknica.si\/?page_id=154","title":{"rendered":"Ostala gradiva"},"content":{"rendered":"\n<ul class=\"wp-block-list\">\n<li><strong><a href=\"https:\/\/gzcerknica.si\/wp-content\/uploads\/2026\/03\/Statut-GZ-Cerknica_Predlog-komisije-cistopis-za-clanice_new.pdf\" data-type=\"attachment\" data-id=\"2263\">STATUT GZC<\/a><\/strong><a href=\"https:\/\/gzcerknica.si\/wp-content\/uploads\/2026\/03\/Statut-GZ-Cerknica_Predlog-komisije-cistopis-koncni-predlog-2-1.pdf\" data-type=\"attachment\" data-id=\"2261\"><strong>,<\/strong><\/a> sprejet marca 2026<\/li>\n<\/ul>\n\n\n\n<ul class=\"wp-block-list\">\n<li><a href=\"https:\/\/gzcerknica.si\/wp-content\/uploads\/2024\/12\/PRILOGA-G1_Organigram-vodenja-intervencij-v-GZ-Cerknica_STAB-ZA-VODENJE-VELIKIH-INTERVENCIJ-2023-1-1.pdf\" data-type=\"attachment\" data-id=\"443\"><strong>ORGANIGRAM VODENJA INTERVENCIJ V<\/strong> GZC<\/a><\/li>\n<\/ul>\n\n\n\n<p><\/p>\n\n\n\n<div class=\"wp-block-group is-vertical is-layout-flex wp-container-core-group-is-layout-8cf370e7 wp-block-group-is-layout-flex\">\n<p><strong><em>Poro\u010dila:<\/em><\/strong><\/p>\n\n\n\n<ul class=\"wp-block-list\">\n<li><a href=\"https:\/\/gzcerknica.si\/wp-content\/uploads\/2025\/04\/POROCILO-POVELJNIKA-GZ-CERKNICA-ZA-LETO-2024.pdf\" data-type=\"attachment\" data-id=\"986\"><strong>PORO\u010cILO POVELJNIKA GZC ZA LETO 2024<\/strong><\/a><\/li>\n<\/ul>\n\n\n\n<ul class=\"wp-block-list\">\n<li><a href=\"https:\/\/gzcerknica.si\/wp-content\/uploads\/2024\/12\/POROCILO-POVELJNIKA-GZ-CERKNICA-ZA-LETO-2023-1.pdf\" data-type=\"attachment\" data-id=\"437\">PORO\u010cILO POVELJNIKA GZC ZA LETO 2023<\/a><\/li>\n<\/ul>\n<\/div>\n\n\n\n<p><\/p>\n\n\n\n<div class=\"wp-block-group is-vertical is-layout-flex wp-container-core-group-is-layout-8cf370e7 wp-block-group-is-layout-flex\">\n<p><em><strong>Letni pregled gasilskih enot<\/strong><\/em>:<\/p>\n\n\n\n<ul class=\"wp-block-list\">\n<li><a href=\"https:\/\/gzcerknica.si\/wp-content\/uploads\/2025\/12\/GZC_pravilnik-o-pregledih_2025-2.pdf\" data-type=\"attachment\" data-id=\"1951\"><strong>NAVODILO ZA LETNI PREGLED GASILSKIH ENOT<\/strong> \u2013 GZC 2025<\/a><\/li>\n\n\n\n<li><a href=\"https:\/\/gzcerknica.si\/wp-content\/uploads\/2025\/12\/GZC_TOCKOVNIK-pregled_2025-2.pdf\" data-type=\"attachment\" data-id=\"1950\"><strong>TO\u010cKOVNIK LETNI PREGLED GASILSKIH ENOT \u2013 <\/strong>GZC 2025<\/a><\/li>\n<\/ul>\n<\/div>\n\n\n\n<div class=\"wp-block-group is-vertical is-layout-flex wp-container-core-group-is-layout-8cf370e7 wp-block-group-is-layout-flex\">\n<p><\/p>\n\n\n\n<p><\/p>\n\n\n\n<p><em><strong>Ostalo:<\/strong><\/em><\/p>\n\n\n\n<ul class=\"wp-block-list\">\n<li><strong><a href=\"https:\/\/gzcerknica.si\/wp-content\/uploads\/2024\/12\/PRILOGA-D1_-PODPISANA-KATEGORIZACIJA-PGD-v-obcini-CERKNICA-2022.pdf\" data-type=\"attachment\" data-id=\"446\">PODPISANA KATEGORIZACIJA PGD v ob\u010dini CERKNICA 2022<\/a><\/strong><\/li>\n<\/ul>\n\n\n\n<ul class=\"wp-block-list\">\n<li><a href=\"https:\/\/gzcerknica.si\/wp-content\/uploads\/2024\/12\/Pozarna-straza-na-pustnih-prireditvah_OGP-Cerknica.pdf\" data-type=\"attachment\" data-id=\"440\"><strong>PLAN IZVAJANJA PO\u017dARNIH STRA\u017d V OGP CERKNICA PUST v CERKNICI<\/strong><\/a><\/li>\n\n\n\n<li><a href=\"https:\/\/gzcerknica.si\/wp-content\/uploads\/2025\/01\/PRILOGA-H_nacrt-aktiviranja-in-alarmiranja-OBCINA-Cerknica-azurirano-6.9.2024_upostevanje-pripombe-ReCO-10.1.2025_podpisan.pdf\" data-type=\"attachment\" data-id=\"612\"><strong>NA\u010cRT AKTIVIRANJA IN ALARMIRANJA PROSTOVOLJNIH GASILSKIH DRU\u0160TEV V OB\u010cINA CERKNICA<\/strong><\/a><\/li>\n<\/ul>\n<\/div>\n\n\n\n<p><\/p>\n\n\n\n<ul class=\"wp-block-list\">\n<li><a href=\"https:\/\/gasilec.net\/wp-content\/uploads\/2025\/01\/9-Dragica_Vulkan4_predstavitev_2025.pdf\" data-type=\"link\" data-id=\"\/https:\/\/gasilec.net\/wp-content\/uploads\/2025\/01\/9-Dragica_Vulkan4_predstavitev_2025.pdf\">Predstavitev prenovljenega informacijskega sistema  <strong>VULKAN 4<\/strong><\/a><\/li>\n<\/ul>\n\n\n\n<p><\/p>\n\n\n\n<ul class=\"wp-block-list\">\n<li>Gasilska zveza Cerknica &#8211; <a href=\"https:\/\/gzcerknica.si\/wp-content\/uploads\/2025\/03\/BILTEN-2025-1.pdf\" data-type=\"attachment\" data-id=\"938\"><strong>Bilten 2025<\/strong><\/a><\/li>\n<\/ul>\n\n\n\n<p><\/p>\n\n\n\n<ul class=\"wp-block-list\">\n<li><a href=\"https:\/\/gasilec.net\/wp-content\/uploads\/2025\/04\/Hranjenje-dokumentarnega-in-arhivskega-gradiva.pdf\" data-type=\"link\" data-id=\"https:\/\/gasilec.net\/wp-content\/uploads\/2025\/04\/Hranjenje-dokumentarnega-in-arhivskega-gradiva.pdf\">Gradivo s posveta <strong>o hranjenju dokumentarnega <\/strong>in <strong>arhivskega gradiva<\/strong><\/a><\/li>\n<\/ul>\n\n\n\n<ul class=\"wp-block-list\">\n<li><a href=\"https:\/\/gzcerknica.si\/wp-content\/uploads\/2026\/04\/navodilo_za_vklop_dvofaktorske_avtentikacije_2fa_v_spin.pdf\" data-type=\"attachment\" data-id=\"2286\">Obvestilo o <strong>vklopu dvofaktorske avtentikacije (2FA) v aplikaciji SPIN<\/strong><\/a>\n<ul class=\"wp-block-list\">\n<li><strong><a href=\"https:\/\/gzcerknica.si\/wp-content\/uploads\/2026\/04\/navodilo_dvofaktorska_avetentifikacija_spin.pdf\" data-type=\"attachment\" data-id=\"2287\">Navodila<\/a><\/strong><\/li>\n<\/ul>\n<\/li>\n<\/ul>\n\n\n\n<p><em><strong>Razpisi<\/strong><\/em><\/p>\n\n\n\n<ul class=\"wp-block-list\">\n<li><a href=\"https:\/\/gzcerknica.si\/wp-content\/uploads\/2025\/12\/razpis_zp_2_2025_24122025_poslano.pdf\" data-type=\"attachment\" data-id=\"1946\"><strong>RAZPIS<\/strong> za sofinanciranje zdravstvenih pregledov 2\/2025<\/a><\/li>\n\n\n\n<li><a href=\"https:\/\/gzcerknica.si\/wp-content\/uploads\/2025\/12\/informacije_za_tres__delo_na_visini__zi_in_pv-dec_2025.pdf\" data-type=\"attachment\" data-id=\"1959\">Informacija o zdravni\u0161kih pregledih te\u010dajnikov za TRES (1) ter prijavi prakti\u010dnega dela zaklju\u010dnih izpitov in prakti\u010dnih vaj za operativne gasilce (2)<\/a><\/li>\n<\/ul>\n\n\n\n<p><\/p>\n","protected":false},"excerpt":{"rendered":"<p>Poro\u010dila: Letni pregled gasilskih enot: Ostalo: Razpisi<\/p>\n","protected":false},"author":3,"featured_media":0,"parent":42,"menu_order":0,"comment_status":"closed","ping_status":"closed","template":"","meta":{"footnotes":""},"class_list":["post-154","page","type-page","status-publish","hentry"],"_links":{"self":[{"href":"https:\/\/gzcerknica.si\/index.php?rest_route=\/wp\/v2\/pages\/154","targetHints":{"allow":["GET"]}}],"collection":[{"href":"https:\/\/gzcerknica.si\/index.php?rest_route=\/wp\/v2\/pages"}],"about":[{"href":"https:\/\/gzcerknica.si\/index.php?rest_route=\/wp\/v2\/types\/page"}],"author":[{"embeddable":true,"href":"https:\/\/gzcerknica.si\/index.php?rest_route=\/wp\/v2\/users\/3"}],"replies":[{"embeddable":true,"href":"https:\/\/gzcerknica.si\/index.php?rest_route=%2Fwp%2Fv2%2Fcomments&post=154"}],"version-history":[{"count":29,"href":"https:\/\/gzcerknica.si\/index.php?rest_route=\/wp\/v2\/pages\/154\/revisions"}],"predecessor-version":[{"id":2288,"href":"https:\/\/gzcerknica.si\/index.php?rest_route=\/wp\/v2\/pages\/154\/revisions\/2288"}],"up":[{"embeddable":true,"href":"https:\/\/gzcerknica.si\/index.php?rest_route=\/wp\/v2\/pages\/42"}],"wp:attachment":[{"href":"https:\/\/gzcerknica.si\/index.php?rest_route=%2Fwp%2Fv2%2Fmedia&parent=154"}],"curies":[{"name":"wp","href":"https:\/\/api.w.org\/{rel}","templated":true}]}}