{"id":150,"date":"2024-11-22T09:07:40","date_gmt":"2024-11-22T09:07:40","guid":{"rendered":"https:\/\/gzcerknica.si\/?page_id=150"},"modified":"2026-03-01T20:02:18","modified_gmt":"2026-03-01T19:02:18","slug":"tekmovanja","status":"publish","type":"page","link":"https:\/\/gzcerknica.si\/?page_id=150","title":{"rendered":"Tekmovanja"},"content":{"rendered":"\n<ul class=\"wp-block-list\">\n<li><strong><a href=\"https:\/\/gzcerknica.si\/wp-content\/uploads\/2024\/12\/10-letni-plan-tekmovanj-GZ-Cerknica_1-1.pdf\" data-type=\"attachment\" data-id=\"429\">Plan tekmovanj v GZ Cerknica v obdobju 2024 \u2013 2034<\/a><\/strong> &#8211; \u010dlanska tekmovanja<\/li>\n\n\n\n<li><a href=\"https:\/\/gzcerknica.si\/wp-content\/uploads\/2025\/04\/PRILOGA_komisija-za-tekmovanja-10-letni-plan-tekmovanj-mladine-GZ-Cerknica2.pdf\" data-type=\"attachment\" data-id=\"987\"><strong>Plan tekmovanj v GZ Cerknica v obdobju 2024-2034<\/strong> <\/a>&#8211; mladinska tekmovanja<\/li>\n<\/ul>\n\n\n\n<div class=\"wp-block-group is-vertical is-layout-flex wp-container-core-group-is-layout-8cf370e7 wp-block-group-is-layout-flex\">\n<p><a href=\"https:\/\/gzcerknica.si\/wp-content\/uploads\/2026\/01\/obc.-kviz-razpis-2026.pdf\" data-type=\"attachment\" data-id=\"1972\"><strong>Ob\u010dinski kviz<\/strong>,<\/a> 31.1.2026, Nova vas<\/p>\n<\/div>\n\n\n\n<ul class=\"wp-block-list\">\n<li><a href=\"https:\/\/gzcerknica.si\/wp-content\/uploads\/2026\/01\/kviz-obcinski-2026-rezultati-1.pdf\" data-type=\"attachment\" data-id=\"2056\">Rezultati<\/a><\/li>\n<\/ul>\n\n\n\n<p><strong>Regijski kviz<\/strong>, 28.2.2026, Vrhnika<\/p>\n\n\n\n<ul class=\"wp-block-list\">\n<li><a href=\"https:\/\/gzcerknica.si\/wp-content\/uploads\/2026\/03\/kviz-regija-2026-rezultati.pdf\" data-type=\"attachment\" data-id=\"2174\">Rezultati<\/a><\/li>\n<\/ul>\n\n\n\n<p><strong>Ob\u010dinska orientacija<\/strong>, 9.5.2026, Bezuljak<\/p>\n\n\n\n<p><strong>Regijska orientacija<\/strong>, 23.5.2026, Begunje<\/p>\n\n\n\n<p><\/p>\n\n\n\n<p>___________________________________________________________________________________________________________<\/p>\n\n\n\n<div class=\"wp-block-group is-vertical is-layout-flex wp-container-core-group-is-layout-8cf370e7 wp-block-group-is-layout-flex\">\n<p><strong>25. SRE\u010cANJE SLOVENSKE IN HRVA\u0160KE GASILSKE MLADINE<\/strong><\/p>\n\n\n\n<ul class=\"wp-block-list\">\n<li><a href=\"https:\/\/www.eglasnik.si\/f\/s1jh109118\/razpis_2025_bjelovar.pdf\" data-type=\"link\" data-id=\"chrome-extension:\/\/efaidnbmnnnibpcajpcglclefindmkaj\/https:\/\/www.eglasnik.si\/f\/s1jh109118\/razpis_2025_bjelovar.pdf\">Razpis<\/a><\/li>\n\n\n\n<li><a href=\"https:\/\/gzcerknica.si\/wp-content\/uploads\/2025\/08\/prijavni_list_srecanje_2025.doc\" data-type=\"attachment\" data-id=\"1511\">Prijavni list<\/a><\/li>\n\n\n\n<li><a href=\"https:\/\/www.eglasnik.si\/f\/3ITa109120\/vaja_z_vedrovko_pravilnik_hvz_2018.pdf\" data-type=\"link\" data-id=\"chrome-extension:\/\/efaidnbmnnnibpcajpcglclefindmkaj\/https:\/\/www.eglasnik.si\/f\/3ITa109120\/vaja_z_vedrovko_pravilnik_hvz_2018.pdf\">Pravilnik<\/a><br><\/li>\n<\/ul>\n\n\n\n<p><strong>26. SRE\u010cANJE \u010cLANIC \u2013 GASILK<\/strong><\/p>\n\n\n\n<div class=\"wp-block-group is-vertical is-layout-flex wp-container-core-group-is-layout-8cf370e7 wp-block-group-is-layout-flex\">\n<ul class=\"wp-block-list\">\n<li><a href=\"https:\/\/gzcerknica.si\/wp-content\/uploads\/2025\/06\/Laze-razpis-2025-pdf.pdf\" data-type=\"attachment\" data-id=\"1429\">Razpis<\/a><\/li>\n<\/ul>\n\n\n\n<ul class=\"wp-block-list\">\n<li><a href=\"https:\/\/gzcerknica.si\/wp-content\/uploads\/2025\/06\/PRIJAVNI_LIST_A.doc\" data-type=\"attachment\" data-id=\"1428\">Prijavni list<\/a><\/li>\n<\/ul>\n\n\n\n<ul class=\"wp-block-list\">\n<li><a href=\"https:\/\/gzcerknica.si\/wp-content\/uploads\/2025\/04\/Vaja-s-hidrantom-in-raznoterosti-5-tekmovalcev.pdf\" data-type=\"attachment\" data-id=\"1055\">Navodila za izvedbo vaj<\/a><\/li>\n<\/ul>\n<\/div>\n\n\n\n<p><\/p>\n\n\n\n<p><strong>22. TEKMOVALNO SRE\u010cANJE PIONIRJEV IN PIONIRK ZA PREHODNI POKAL RUDOLFA MAISTRA<\/strong><\/p>\n\n\n\n<ul class=\"wp-block-list\">\n<li><a href=\"https:\/\/gzcerknica.si\/wp-content\/uploads\/2025\/04\/Razpis-Rudolf-Maister-2025.docx\" data-type=\"attachment\" data-id=\"1167\">Razpis<\/a><\/li>\n\n\n\n<li><a href=\"https:\/\/gzcerknica.si\/wp-content\/uploads\/2025\/04\/Prijavni-list-B-2025_prazen.docx\" data-type=\"attachment\" data-id=\"1166\">Prijavni list B<\/a><\/li>\n<\/ul>\n\n\n\n<p><strong>DR\u017dAVNO GASILSKO TEKMOVANJE 2025<\/strong><\/p>\n\n\n\n<ul class=\"wp-block-list\">\n<li><a href=\"https:\/\/gzcerknica.si\/wp-content\/uploads\/2025\/05\/navodila_tekmovalnim_enotam_dt_2025_28042025.pdf\" data-type=\"attachment\" data-id=\"1175\">Navodila tekmovalnim enotam<\/a><\/li>\n<\/ul>\n\n\n\n<p><strong>REGIJSKO TEKMOVANJE V GASILSKI ORIENTACIJI 2025<\/strong><\/p>\n\n\n\n<div class=\"wp-block-group is-vertical is-layout-flex wp-container-core-group-is-layout-8cf370e7 wp-block-group-is-layout-flex\">\n<ul class=\"wp-block-list\">\n<li><a href=\"https:\/\/gzcerknica.si\/wp-content\/uploads\/2025\/05\/2025_orientacija_regija_razpis.docx-1.pdf\" data-type=\"attachment\" data-id=\"1276\">Razpis<\/a><\/li>\n<\/ul>\n\n\n\n<ul class=\"wp-block-list\">\n<li><a href=\"https:\/\/gzcerknica.si\/wp-content\/uploads\/2025\/05\/P1_orientacija_pravila_in_tockovanje_za_izvedbo_orientacije_gzs_2025.pdf\" data-type=\"attachment\" data-id=\"1277\">Pravila<\/a><\/li>\n\n\n\n<li><a href=\"https:\/\/gzcerknica.si\/wp-content\/uploads\/2025\/05\/Uradni-Rezultati-regijske-orientacije-2025.pdf\" data-type=\"attachment\" data-id=\"1287\"><strong>Rezultati<\/strong><\/a><\/li>\n<\/ul>\n<\/div>\n\n\n\n<p><\/p>\n\n\n\n<p><strong>TEKMOVANJE V OB\u010cINSKI ORIENTACIJI 2025<\/strong><\/p>\n\n\n\n<div class=\"wp-block-group is-vertical is-layout-flex wp-container-core-group-is-layout-8cf370e7 wp-block-group-is-layout-flex\">\n<ul class=\"wp-block-list\">\n<li><a href=\"https:\/\/gzcerknica.si\/wp-content\/uploads\/2025\/04\/Orientacija_razpis-GZ-2025.docx\" data-type=\"attachment\" data-id=\"1074\">Razpis<\/a><\/li>\n<\/ul>\n\n\n\n<ul class=\"wp-block-list\">\n<li><a href=\"https:\/\/gzcerknica.si\/wp-content\/uploads\/2025\/04\/Pravila_in_tockovanje_za_izvedbo_orientacije_gzs_2025.pdf\" data-type=\"attachment\" data-id=\"1075\">Pravila in to\u010dkovanje za izvedbo orientacije<\/a><\/li>\n\n\n\n<li><strong><a href=\"https:\/\/gzcerknica.si\/wp-content\/uploads\/2025\/05\/Orientacija-obcinska-2025-rezultati-3.pdf\" data-type=\"attachment\" data-id=\"1271\">Rezultati<\/a><\/strong><\/li>\n<\/ul>\n<\/div>\n<\/div>\n\n\n\n<p><strong>MEDDRU\u0160TVENEGA TEKMOVANJA STAREJ\u0160IH GASILCEV IN GASILK ZA POKAL NOTRANJSKE <\/strong><\/p>\n\n\n\n<ul class=\"wp-block-list\">\n<li><a href=\"https:\/\/gzcerknica.si\/wp-content\/uploads\/2025\/04\/Razpis-tekmovanje-starejsih-gasilcev-2025.pdf\" data-type=\"attachment\" data-id=\"1056\">Razpis<\/a><\/li>\n\n\n\n<li><a href=\"https:\/\/gzcerknica.si\/wp-content\/uploads\/2025\/04\/Vaja-s-hidrantom-in-raznoterosti-5-tekmovalcev.pdf\" data-type=\"attachment\" data-id=\"1055\">Navodilo za izvedbo vaj s petimi gasilci<\/a><\/li>\n\n\n\n<li><a href=\"https:\/\/gzcerknica.si\/wp-content\/uploads\/2025\/04\/PRIJAVNI_LIST_A_VETERANI-LOGATEC-2025.doc\" data-type=\"attachment\" data-id=\"1054\">Prijavni list &#8211; meddru\u0161tveno tekmovanje starej\u0161ih gasilcev in gasilk za pokal notranjske<\/a><\/li>\n<\/ul>\n\n\n\n<div class=\"wp-block-group is-vertical is-layout-flex wp-container-core-group-is-layout-8cf370e7 wp-block-group-is-layout-flex\">\n<p><strong><strong>TEKMOVANJE MLADINCEV ZA POKAL MARTIN KRPAN<\/strong> 2025<\/strong><\/p>\n\n\n\n<ul class=\"wp-block-list\">\n<li><a href=\"https:\/\/gzcerknica.si\/wp-content\/uploads\/2025\/04\/Razpis-M.-Krpan-2025.pdf\" data-type=\"attachment\" data-id=\"1011\">Razpis<\/a><\/li>\n\n\n\n<li><a href=\"https:\/\/gzcerknica.si\/wp-content\/uploads\/2025\/04\/M.-Krpan-rezultati-2025.pdf\" data-type=\"attachment\" data-id=\"1147\"><strong>Rezultati<\/strong><\/a><\/li>\n<\/ul>\n<\/div>\n\n\n\n<p><\/p>\n\n\n\n<p class=\"has-text-align-left\"><strong>OB\u010cINSKI KVIZ GASILSKE MLADINE 2025<\/strong><\/p>\n\n\n\n<ul class=\"wp-block-list\">\n<li><a href=\"https:\/\/gzcerknica.si\/wp-content\/uploads\/2025\/02\/2025-razpis_kviz.pdf\" data-type=\"attachment\" data-id=\"699\">Razpis ob\u010dinskega kviza gasilske mladine 2025<\/a><\/li>\n\n\n\n<li><a href=\"https:\/\/gzcerknica.si\/wp-content\/uploads\/2025\/02\/pravila_in_tockovanje_za_izvedbo_kviza_gzs_2025.pdf\" data-type=\"attachment\" data-id=\"700\">Pravila in to\u010dkovanje za izvedbo kviza<\/a><\/li>\n\n\n\n<li><a href=\"https:\/\/gzcerknica.si\/wp-content\/uploads\/2025\/03\/Kviz-GZ-2025-rezultati-1-1.pdf\" data-type=\"attachment\" data-id=\"823\"><strong>Rezultati<\/strong><\/a><\/li>\n<\/ul>\n\n\n\n<p><\/p>\n","protected":false},"excerpt":{"rendered":"<p>Ob\u010dinski kviz, 31.1.2026, Nova vas Regijski kviz, 28.2.2026, Vrhnika Ob\u010dinska orientacija, 9.5.2026, Bezuljak Regijska orientacija, 23.5.2026, Begunje ___________________________________________________________________________________________________________ 25. SRE\u010cANJE SLOVENSKE IN HRVA\u0160KE GASILSKE MLADINE 26. SRE\u010cANJE \u010cLANIC \u2013 GASILK 22. TEKMOVALNO SRE\u010cANJE PIONIRJEV IN PIONIRK ZA PREHODNI POKAL RUDOLFA MAISTRA DR\u017dAVNO GASILSKO TEKMOVANJE 2025 REGIJSKO TEKMOVANJE V GASILSKI ORIENTACIJI 2025 TEKMOVANJE V OB\u010cINSKI ORIENTACIJI [&hellip;]<\/p>\n","protected":false},"author":3,"featured_media":0,"parent":42,"menu_order":0,"comment_status":"closed","ping_status":"closed","template":"","meta":{"footnotes":""},"class_list":["post-150","page","type-page","status-publish","hentry"],"_links":{"self":[{"href":"https:\/\/gzcerknica.si\/index.php?rest_route=\/wp\/v2\/pages\/150","targetHints":{"allow":["GET"]}}],"collection":[{"href":"https:\/\/gzcerknica.si\/index.php?rest_route=\/wp\/v2\/pages"}],"about":[{"href":"https:\/\/gzcerknica.si\/index.php?rest_route=\/wp\/v2\/types\/page"}],"author":[{"embeddable":true,"href":"https:\/\/gzcerknica.si\/index.php?rest_route=\/wp\/v2\/users\/3"}],"replies":[{"embeddable":true,"href":"https:\/\/gzcerknica.si\/index.php?rest_route=%2Fwp%2Fv2%2Fcomments&post=150"}],"version-history":[{"count":46,"href":"https:\/\/gzcerknica.si\/index.php?rest_route=\/wp\/v2\/pages\/150\/revisions"}],"predecessor-version":[{"id":2175,"href":"https:\/\/gzcerknica.si\/index.php?rest_route=\/wp\/v2\/pages\/150\/revisions\/2175"}],"up":[{"embeddable":true,"href":"https:\/\/gzcerknica.si\/index.php?rest_route=\/wp\/v2\/pages\/42"}],"wp:attachment":[{"href":"https:\/\/gzcerknica.si\/index.php?rest_route=%2Fwp%2Fv2%2Fmedia&parent=150"}],"curies":[{"name":"wp","href":"https:\/\/api.w.org\/{rel}","templated":true}]}}