{"id":14,"date":"2024-11-19T19:36:57","date_gmt":"2024-11-19T19:36:57","guid":{"rendered":"https:\/\/gzcerknica.si\/?page_id=14"},"modified":"2026-01-05T20:52:21","modified_gmt":"2026-01-05T19:52:21","slug":"kontakt","status":"publish","type":"page","link":"https:\/\/gzcerknica.si\/?page_id=14","title":{"rendered":"Kontakt"},"content":{"rendered":"\n<p><strong>Gasilska zveza Cerknica<\/strong><br>Notranjska cesta 42<br>1380 Cerknica<\/p>\n\n\n\n<p><strong>Dav\u010dna \u0161tevilka:<\/strong> 14096781<br><strong>Mati\u010dna: <\/strong>5065798000<\/p>\n\n\n\n<p><strong>TRR:<\/strong> SI56 0202 9001 2206 388<\/p>\n\n\n\n<p><\/p>\n\n\n\n<iframe src=\"https:\/\/www.google.com\/maps\/embed?pb=!1m18!1m12!1m3!1d736.7717906334689!2d14.36279017037508!3d45.79764126986639!2m3!1f0!2f0!3f0!3m2!1i1024!2i768!4f13.1!3m3!1m2!1s0x4764d2dee32de6dd%3A0x8aa2c238f66113fb!2sGasilska%20Zveza%20Cerknica!5e0!3m2!1ssl!2ssi!4v1732045191638!5m2!1ssl!2ssi\" width=\"400\" height=\"300\" style=\"border:0;\" allowfullscreen=\"\" loading=\"lazy\" referrerpolicy=\"no-referrer-when-downgrade\"><\/iframe>\n\n\n\n<p><\/p>\n","protected":false},"excerpt":{"rendered":"<p>Gasilska zveza CerknicaNotranjska cesta 421380 Cerknica Dav\u010dna \u0161tevilka: 14096781Mati\u010dna: 5065798000 TRR: SI56 0202 9001 2206 388<\/p>\n","protected":false},"author":1,"featured_media":0,"parent":0,"menu_order":0,"comment_status":"closed","ping_status":"closed","template":"","meta":{"footnotes":""},"class_list":["post-14","page","type-page","status-publish","hentry"],"_links":{"self":[{"href":"https:\/\/gzcerknica.si\/index.php?rest_route=\/wp\/v2\/pages\/14","targetHints":{"allow":["GET"]}}],"collection":[{"href":"https:\/\/gzcerknica.si\/index.php?rest_route=\/wp\/v2\/pages"}],"about":[{"href":"https:\/\/gzcerknica.si\/index.php?rest_route=\/wp\/v2\/types\/page"}],"author":[{"embeddable":true,"href":"https:\/\/gzcerknica.si\/index.php?rest_route=\/wp\/v2\/users\/1"}],"replies":[{"embeddable":true,"href":"https:\/\/gzcerknica.si\/index.php?rest_route=%2Fwp%2Fv2%2Fcomments&post=14"}],"version-history":[{"count":3,"href":"https:\/\/gzcerknica.si\/index.php?rest_route=\/wp\/v2\/pages\/14\/revisions"}],"predecessor-version":[{"id":197,"href":"https:\/\/gzcerknica.si\/index.php?rest_route=\/wp\/v2\/pages\/14\/revisions\/197"}],"wp:attachment":[{"href":"https:\/\/gzcerknica.si\/index.php?rest_route=%2Fwp%2Fv2%2Fmedia&parent=14"}],"curies":[{"name":"wp","href":"https:\/\/api.w.org\/{rel}","templated":true}]}}