{"id":12,"date":"2024-11-19T19:36:08","date_gmt":"2024-11-19T19:36:08","guid":{"rendered":"https:\/\/gzcerknica.si\/?page_id=12"},"modified":"2024-11-22T12:28:25","modified_gmt":"2024-11-22T12:28:25","slug":"predstavitev-gz-cerknica","status":"publish","type":"page","link":"https:\/\/gzcerknica.si\/?page_id=12","title":{"rendered":"Predstavitev"},"content":{"rendered":"\n<p>Gasilska zveza Cerknica (<strong>GZ Cerknica<\/strong>) je bila ustanovljena <strong>leta 1955<\/strong> z namenom povezovanja gasilskih dru\u0161tev v<strong> <\/strong>ob\u010dini<strong> Cerknica<\/strong> in <strong>Bloke<\/strong>. Danes <strong>GZ Cerknica<\/strong> zdru\u017euje kar <strong>17 prostovoljnih gasilskih dru\u0161tev<\/strong> in sicer: <strong>PGD Begunje pri Cerknici, PGD Bezuljak, PGD Cajnarje, PGD Cerknica, PGD Dolenja vas, PGD Dolenje Jezero, PGD Gorenje Jezero, PGD Grahovo, PGD Ivanje selo, PGD Martinjak, PGD Nova vas na Blokah, PGD Otave, PGD Rakek, PGD Sveti Vid, PGD Unec, PGD Velike Bloke <\/strong>in <strong>PGD \u017derovnica.<\/strong><\/p>\n\n\n\n<p>Zadnje vodstvo <strong>Gasilske zveze Cerknica<\/strong>, izvoljeno v <strong>marcu 2023<\/strong>, bo v svojem petletnem mandatu, ki traja do <strong>leta 2028<\/strong>, \u0161e naprej skrbelo za razvoj in usklajevanje delovanja gasilskih dru\u0161tev, promoviralo prostovoljno gasilstvo ter zagotavljalo u\u010dinkovitost pri zagotavljanju varnosti ob\u010danov. Na\u0161a zveza je klju\u010dna povezovalna sila, ki skrbi za usklajeno delovanje in podporo med dru\u0161tvi ter omogo\u010da izmenjavo izku\u0161enj in znanja.<\/p>\n\n\n\n<p>Skupaj si prizadevamo za varnost in dobrobit vseh prebivalcev ob\u010din Cerknica in Bloke, pri tem pa ohranjamo dolgoletno tradicijo in visoke standarde gasilskih aktivnosti.<\/p>\n\n\n<div class=\"wp-block-image\">\n<figure class=\"aligncenter size-full is-resized\"><img loading=\"lazy\" decoding=\"async\" width=\"500\" height=\"500\" src=\"https:\/\/gzcerknica.si\/wp-content\/uploads\/2024\/11\/Izdelek-brez-naslova-5.png\" alt=\"\" class=\"wp-image-207\" style=\"width:142px;height:auto\" srcset=\"https:\/\/gzcerknica.si\/wp-content\/uploads\/2024\/11\/Izdelek-brez-naslova-5.png 500w, https:\/\/gzcerknica.si\/wp-content\/uploads\/2024\/11\/Izdelek-brez-naslova-5-300x300.png 300w, https:\/\/gzcerknica.si\/wp-content\/uploads\/2024\/11\/Izdelek-brez-naslova-5-150x150.png 150w\" sizes=\"auto, (max-width: 500px) 100vw, 500px\" \/><\/figure>\n<\/div>\n\n\n<p><\/p>\n","protected":false},"excerpt":{"rendered":"<p>Gasilska zveza Cerknica (GZ Cerknica) je bila ustanovljena leta 1955 z namenom povezovanja gasilskih dru\u0161tev v ob\u010dini Cerknica in Bloke. Danes GZ Cerknica zdru\u017euje kar 17 prostovoljnih gasilskih dru\u0161tev in sicer: PGD Begunje pri Cerknici, PGD Bezuljak, PGD Cajnarje, PGD Cerknica, PGD Dolenja vas, PGD Dolenje Jezero, PGD Gorenje Jezero, PGD Grahovo, PGD Ivanje selo, [&hellip;]<\/p>\n","protected":false},"author":1,"featured_media":0,"parent":0,"menu_order":0,"comment_status":"closed","ping_status":"closed","template":"","meta":{"footnotes":""},"class_list":["post-12","page","type-page","status-publish","hentry"],"_links":{"self":[{"href":"https:\/\/gzcerknica.si\/index.php?rest_route=\/wp\/v2\/pages\/12","targetHints":{"allow":["GET"]}}],"collection":[{"href":"https:\/\/gzcerknica.si\/index.php?rest_route=\/wp\/v2\/pages"}],"about":[{"href":"https:\/\/gzcerknica.si\/index.php?rest_route=\/wp\/v2\/types\/page"}],"author":[{"embeddable":true,"href":"https:\/\/gzcerknica.si\/index.php?rest_route=\/wp\/v2\/users\/1"}],"replies":[{"embeddable":true,"href":"https:\/\/gzcerknica.si\/index.php?rest_route=%2Fwp%2Fv2%2Fcomments&post=12"}],"version-history":[{"count":7,"href":"https:\/\/gzcerknica.si\/index.php?rest_route=\/wp\/v2\/pages\/12\/revisions"}],"predecessor-version":[{"id":219,"href":"https:\/\/gzcerknica.si\/index.php?rest_route=\/wp\/v2\/pages\/12\/revisions\/219"}],"wp:attachment":[{"href":"https:\/\/gzcerknica.si\/index.php?rest_route=%2Fwp%2Fv2%2Fmedia&parent=12"}],"curies":[{"name":"wp","href":"https:\/\/api.w.org\/{rel}","templated":true}]}}